{"id":3296,"date":"2016-12-28T12:35:43","date_gmt":"2016-12-28T12:35:43","guid":{"rendered":"http:\/\/web.mfar.es\/web\/?page_id=3296"},"modified":"2021-05-06T10:38:45","modified_gmt":"2021-05-06T10:38:45","slug":"investigacion-clinica","status":"publish","type":"page","link":"https:\/\/web.mfar.es\/web\/es\/servicios\/investigacion-clinica\/","title":{"rendered":"Investigaci\u00f3n Cl\u00ednica"},"content":{"rendered":"<section  class='av_textblock_section av-av_textblock-0366cc7376be6c9e82a3e9cc8987b64f'  itemscope=\"itemscope\" itemtype=\"https:\/\/schema.org\/CreativeWork\" ><div class='avia_textblock'  itemprop=\"text\" ><h3 style=\"color: #0070ba;\">Investigaci\u00f3n Cl\u00ednica<\/h3>\n<p><!--img class=\"alignright wp-image-3413 size-medium\" src=\"http:\/\/web.mfar.es\/web\/wp-content\/uploads\/2016\/12\/Logo-MFAR-Clinical-Research-267x300.png\" alt=\"logo-mfar-clinical-research\" width=\"267\" height=\"300\" \/>\n\n\n\n\n<ul>\n \t\n\n\n\n<li><strong>Tipo de estudio:<\/strong> Ensayos cl\u00ednicos, Observacionales, Traslacionales, etc.<\/li>\n\n\n\n\n \t\n\n\n\n<li><b>Dise\u00f1o de estudios:<\/b> Viabilidad, Selecci\u00f3n de centros, Protocolo y CRD<\/li>\n\n\n\n\n \t\n\n\n\n<li><b>Puesta en marcha:<\/b> Tr\u00e1mites autoridades, Contratos, Log\u00edstica y Seguro R.C.<\/li>\n\n\n\n\n \t\n\n\n\n<li><b>Desarrollo:<\/b> Gesti\u00f3n del proyecto, Monitorizaci\u00f3n y Farmacovigilancia<\/li>\n\n\n\n\n \t\n\n\n\n<li><b>Resultados:<\/b> Tratamiento de datos, Explotaci\u00f3n estad\u00edstica y <i>Medical Writing<\/i><\/li>\n\n\n\n\n<\/ul-->\n<\/div><\/section>\n\n<style type=\"text\/css\" data-created_by=\"avia_inline_auto\" id=\"style-css-av-av_three_fourth-6126cab7d8fab8d08143dd2dacdf673c\">\n.flex_column.av-av_three_fourth-6126cab7d8fab8d08143dd2dacdf673c{\nborder-radius:0px 0px 0px 0px;\n-webkit-border-radius:0px 0px 0px 0px;\n-moz-border-radius:0px 0px 0px 0px;\n}\n<\/style>\n<div class='flex_column av-av_three_fourth-6126cab7d8fab8d08143dd2dacdf673c av_three_fourth  avia-builder-el-1  el_after_av_textblock  el_before_av_one_fourth  first flex_column_div av-zero-column-padding column-top-margin'   ><section  class='av_textblock_section av-av_textblock-0366cc7376be6c9e82a3e9cc8987b64f'  itemscope=\"itemscope\" itemtype=\"https:\/\/schema.org\/CreativeWork\" ><div class='avia_textblock'  itemprop=\"text\" ><p>Especializados en <b>Investigaci\u00f3n Cl\u00ednica Acad\u00e9mica<\/b>, disponemos del conocimiento y la infraestructura necesaria para la puesta en marcha, el desarrollo y monitorizaci\u00f3n de estudios cl\u00ednicos desde <b>Fase I a IV<\/b>, cubriendo todas las etapas impl\u00edcitas en los citados proyectos.<\/p>\n<ul>\n<li><strong>Tipo de estudios<\/strong>: Ensayos cl\u00ednicos, Estudios observacionales (EPAs y no EPAs), Proyectos Traslacionales, etc.<\/li>\n<li><strong>Dise\u00f1o de estudios<\/strong>: Factibilidad de Estudios, Selecci\u00f3n de centros, Protocolo, CRD.<\/li>\n<li><strong>Puesta en marcha<\/strong>: Tr\u00e1mites autoridades (AEMPS y CEI), Contratos, Log\u00edstica y Seguro de acuerdo al RD.<\/li>\n<li><strong>Desarrollo<\/strong>: Gesti\u00f3n del proyecto, Monitorizaci\u00f3n y Farmacovigilancia. Subestudios y revisiones centralizadas con muestras o im\u00e1genes (plataforma online de desarrollo propio).<\/li>\n<li><strong>Resultados<\/strong>: Tratamiento de datos, Explotaci\u00f3n estad\u00edstica y Medical Writing.<\/li>\n<\/ul>\n<\/div><\/section><\/div>\n<style type=\"text\/css\" data-created_by=\"avia_inline_auto\" id=\"style-css-av-av_one_fourth-0aa7055fe62c3622faec82866afbaeb2\">\n.flex_column.av-av_one_fourth-0aa7055fe62c3622faec82866afbaeb2{\nborder-radius:0px 0px 0px 0px;\n-webkit-border-radius:0px 0px 0px 0px;\n-moz-border-radius:0px 0px 0px 0px;\n}\n<\/style>\n<div class='flex_column av-av_one_fourth-0aa7055fe62c3622faec82866afbaeb2 av_one_fourth  avia-builder-el-3  el_after_av_three_fourth  avia-builder-el-last  flex_column_div av-zero-column-padding column-top-margin'   ><style type=\"text\/css\" data-created_by=\"avia_inline_auto\" id=\"style-css-av-av_image-ddae57fcf54b0034ae5db15b46b4767f\">\n.avia-image-container.av-av_image-ddae57fcf54b0034ae5db15b46b4767f .av-image-caption-overlay-center{\ncolor:#ffffff;\n}\n<\/style>\n<div  class='avia-image-container av-av_image-ddae57fcf54b0034ae5db15b46b4767f av-styling- avia-align-center  avia-builder-el-4  avia-builder-el-no-sibling '  itemprop=\"image\" itemscope=\"itemscope\" itemtype=\"https:\/\/schema.org\/ImageObject\" ><div class=\"avia-image-container-inner\"><div class=\"avia-image-overlay-wrap\"><img decoding=\"async\" class='wp-image-4601 avia-img-lazy-loading-not-4601 avia_image' src=\"https:\/\/web.mfar.es\/web\/wp-content\/uploads\/2021\/05\/MFAR_logo-investigaci\u00f3n-1-208x300.png\" alt='' title='MFAR_logo investigaci\u00f3n'  height=\"300\" width=\"208\"  itemprop=\"thumbnailUrl\"  \/><\/div><\/div><\/div><\/div><\/p>\n","protected":false},"excerpt":{"rendered":"","protected":false},"author":1,"featured_media":0,"parent":11,"menu_order":1,"comment_status":"closed","ping_status":"closed","template":"","meta":{"footnotes":""},"class_list":["post-3296","page","type-page","status-publish","hentry"],"_links":{"self":[{"href":"https:\/\/web.mfar.es\/web\/wp-json\/wp\/v2\/pages\/3296","targetHints":{"allow":["GET"]}}],"collection":[{"href":"https:\/\/web.mfar.es\/web\/wp-json\/wp\/v2\/pages"}],"about":[{"href":"https:\/\/web.mfar.es\/web\/wp-json\/wp\/v2\/types\/page"}],"author":[{"embeddable":true,"href":"https:\/\/web.mfar.es\/web\/wp-json\/wp\/v2\/users\/1"}],"replies":[{"embeddable":true,"href":"https:\/\/web.mfar.es\/web\/wp-json\/wp\/v2\/comments?post=3296"}],"version-history":[{"count":17,"href":"https:\/\/web.mfar.es\/web\/wp-json\/wp\/v2\/pages\/3296\/revisions"}],"predecessor-version":[{"id":4707,"href":"https:\/\/web.mfar.es\/web\/wp-json\/wp\/v2\/pages\/3296\/revisions\/4707"}],"up":[{"embeddable":true,"href":"https:\/\/web.mfar.es\/web\/wp-json\/wp\/v2\/pages\/11"}],"wp:attachment":[{"href":"https:\/\/web.mfar.es\/web\/wp-json\/wp\/v2\/media?parent=3296"}],"curies":[{"name":"wp","href":"https:\/\/api.w.org\/{rel}","templated":true}]}}