{"id":3303,"date":"2016-12-28T12:50:57","date_gmt":"2016-12-28T12:50:57","guid":{"rendered":"http:\/\/web.mfar.es\/web\/?page_id=3303"},"modified":"2021-05-06T11:08:02","modified_gmt":"2021-05-06T11:08:02","slug":"eventos-formacion","status":"publish","type":"page","link":"https:\/\/web.mfar.es\/web\/es\/servicios\/eventos-formacion\/","title":{"rendered":"Eventos y Formaci\u00f3n"},"content":{"rendered":"<section  class='av_textblock_section av-av_textblock-0366cc7376be6c9e82a3e9cc8987b64f'  itemscope=\"itemscope\" itemtype=\"https:\/\/schema.org\/CreativeWork\" ><div class='avia_textblock'  itemprop=\"text\" ><h3 style=\"color: #0070ba;\">Eventos y Formaci\u00f3n<\/h3>\n<p><!--img class=\"alignright wp-image-3418 size-medium\" src=\"http:\/\/web.mfar.es\/web\/wp-content\/uploads\/2016\/12\/Logo-MFAR-Marketing-_-Events-291x300.png\" alt=\"logo-mfar-marketing-_-events\" width=\"291\" height=\"300\" \/>\n\n\n\n\n<ul>\n \t\n\n\n\n<li><b>Eventos<\/b> -> Planificaci\u00f3n, organizaci\u00f3n y gesti\u00f3n integral de todo tipo de eventos m\u00e9dico-cient\u00edficos: Cursos presenciales y online, Congresos, Reuniones Cient\u00edficas, etc.<\/li>\n\n\n\n\n \t\n\n\n\n<li><strong>Secretar\u00eda T\u00e9cnica<\/strong> -> Gesti\u00f3n de programa, Solicitud de acreditaciones, Contactos con ponentes, Pago de honorarios, Tr\u00e1mites administrativos, Contrataci\u00f3n de Sede, Coordinaci\u00f3n de actividades cient\u00edficas y sociales, etc.<\/li>\n\n\n\n\n \t\n\n\n\n<li><b>Imagen & Comunicaci\u00f3n<\/b> ->\u00a0 Creatividad, dise\u00f1o y desarrollo de imagen o logotipo para eventos y sociedades. Soluciones a medida. Gesti\u00f3n de Redes Sociales (Sitios web, Twitter, Blogs, Wikis y Foros).<\/li>\n\n\n\n\n \t\n\n\n\n<li><b>Material Cient\u00edfico:<\/b> Edici\u00f3n Gu\u00edas cl\u00ednicas, Monograf\u00edas, Consensos, Publicaciones en revistas cient\u00edficas, etc.<\/li>\n\n\n\n\n<\/ul-->\n<\/div><\/section>\n\n<style type=\"text\/css\" data-created_by=\"avia_inline_auto\" id=\"style-css-av-av_three_fourth-6126cab7d8fab8d08143dd2dacdf673c\">\n.flex_column.av-av_three_fourth-6126cab7d8fab8d08143dd2dacdf673c{\nborder-radius:0px 0px 0px 0px;\n-webkit-border-radius:0px 0px 0px 0px;\n-moz-border-radius:0px 0px 0px 0px;\n}\n<\/style>\n<div class='flex_column av-av_three_fourth-6126cab7d8fab8d08143dd2dacdf673c av_three_fourth  avia-builder-el-1  el_after_av_textblock  el_before_av_one_fourth  first flex_column_div av-zero-column-padding column-top-margin'   ><section  class='av_textblock_section av-av_textblock-0366cc7376be6c9e82a3e9cc8987b64f'  itemscope=\"itemscope\" itemtype=\"https:\/\/schema.org\/CreativeWork\" ><div class='avia_textblock'  itemprop=\"text\" ><p>Aportamos una gran experiencia contrastada en la <b>organizaci\u00f3n, planificaci\u00f3n y gesti\u00f3n integral <\/b>de todo tipo de eventos m\u00e9dico &#8211; cient\u00edficos<b> dirigidos a<\/b> la <strong>Industria Farmac\u00e9utica, los Grupos de Investigaci\u00f3n y las Asociaciones de Pacientes.<br \/>\n<\/strong><\/p>\n<p>Ofrecemos una gesti\u00f3n profesional y personalizada de Secretaria T\u00e9cnica y todo lo relacionado con <b>Imagen &amp; Comunicaci\u00f3n<\/b>.<\/p>\n<ul>\n<li><b>Eventos<\/b>: Planificaci\u00f3n, organizaci\u00f3n y gesti\u00f3n integral de todo tipo de eventos m\u00e9dico-cient\u00edficos: Cursos presenciales y online, Congresos, Reuniones Cient\u00edficas, etc.<\/li>\n<li><strong>Secretar\u00eda T\u00e9cnica de Eventos<\/strong>: Gesti\u00f3n de programa, Solicitud de acreditaciones, Contactos con ponentes, Pago de honorarios, Tr\u00e1mites administrativos, Contrataci\u00f3n de Sede, Coordinaci\u00f3n de actividades cient\u00edficas y sociales, etc.<\/li>\n<li><b>Imagen &amp; Comunicaci\u00f3n<\/b>: Creatividad, dise\u00f1o y desarrollo de imagen o logotipo para eventos y sociedades. Soluciones a medida. Gesti\u00f3n de Redes Sociales (Sitios web, Twitter, Blogs, Wikis y Foros).<\/li>\n<li><b>Material Cient\u00edfico<\/b>: Edici\u00f3n Gu\u00edas cl\u00ednicas, Monograf\u00edas, Consensos, Publicaciones en revistas cient\u00edficas, etc.<\/li>\n<\/ul>\n<\/div><\/section><\/div>\n<style type=\"text\/css\" data-created_by=\"avia_inline_auto\" id=\"style-css-av-av_one_fourth-0aa7055fe62c3622faec82866afbaeb2\">\n.flex_column.av-av_one_fourth-0aa7055fe62c3622faec82866afbaeb2{\nborder-radius:0px 0px 0px 0px;\n-webkit-border-radius:0px 0px 0px 0px;\n-moz-border-radius:0px 0px 0px 0px;\n}\n<\/style>\n<div class='flex_column av-av_one_fourth-0aa7055fe62c3622faec82866afbaeb2 av_one_fourth  avia-builder-el-3  el_after_av_three_fourth  avia-builder-el-last  flex_column_div av-zero-column-padding column-top-margin'   ><style type=\"text\/css\" data-created_by=\"avia_inline_auto\" id=\"style-css-av-av_image-3a31e790b23671b74010b55dc9bc76b1\">\n.avia-image-container.av-av_image-3a31e790b23671b74010b55dc9bc76b1 .av-image-caption-overlay-center{\ncolor:#ffffff;\n}\n<\/style>\n<div  class='avia-image-container av-av_image-3a31e790b23671b74010b55dc9bc76b1 av-styling- avia-align-center  avia-builder-el-4  avia-builder-el-no-sibling '  itemprop=\"image\" itemscope=\"itemscope\" itemtype=\"https:\/\/schema.org\/ImageObject\" ><div class=\"avia-image-container-inner\"><div class=\"avia-image-overlay-wrap\"><img decoding=\"async\" class='wp-image-4603 avia-img-lazy-loading-not-4603 avia_image' src=\"https:\/\/web.mfar.es\/web\/wp-content\/uploads\/2021\/05\/MFAR_logo-eventos-1-208x300.png\" alt='' title='MFAR_logo eventos'  height=\"300\" width=\"208\"  itemprop=\"thumbnailUrl\"  \/><\/div><\/div><\/div><\/div><\/p>\n","protected":false},"excerpt":{"rendered":"","protected":false},"author":1,"featured_media":0,"parent":11,"menu_order":2,"comment_status":"closed","ping_status":"closed","template":"","meta":{"footnotes":""},"class_list":["post-3303","page","type-page","status-publish","hentry"],"_links":{"self":[{"href":"https:\/\/web.mfar.es\/web\/wp-json\/wp\/v2\/pages\/3303","targetHints":{"allow":["GET"]}}],"collection":[{"href":"https:\/\/web.mfar.es\/web\/wp-json\/wp\/v2\/pages"}],"about":[{"href":"https:\/\/web.mfar.es\/web\/wp-json\/wp\/v2\/types\/page"}],"author":[{"embeddable":true,"href":"https:\/\/web.mfar.es\/web\/wp-json\/wp\/v2\/users\/1"}],"replies":[{"embeddable":true,"href":"https:\/\/web.mfar.es\/web\/wp-json\/wp\/v2\/comments?post=3303"}],"version-history":[{"count":24,"href":"https:\/\/web.mfar.es\/web\/wp-json\/wp\/v2\/pages\/3303\/revisions"}],"predecessor-version":[{"id":4630,"href":"https:\/\/web.mfar.es\/web\/wp-json\/wp\/v2\/pages\/3303\/revisions\/4630"}],"up":[{"embeddable":true,"href":"https:\/\/web.mfar.es\/web\/wp-json\/wp\/v2\/pages\/11"}],"wp:attachment":[{"href":"https:\/\/web.mfar.es\/web\/wp-json\/wp\/v2\/media?parent=3303"}],"curies":[{"name":"wp","href":"https:\/\/api.w.org\/{rel}","templated":true}]}}