{"id":3305,"date":"2016-12-28T12:51:23","date_gmt":"2016-12-28T12:51:23","guid":{"rendered":"http:\/\/web.mfar.es\/web\/?page_id=3305"},"modified":"2021-05-06T10:47:35","modified_gmt":"2021-05-06T10:47:35","slug":"tecnologia","status":"publish","type":"page","link":"https:\/\/web.mfar.es\/web\/es\/servicios\/tecnologia\/","title":{"rendered":"Tecnolog\u00eda"},"content":{"rendered":"<section  class='av_textblock_section av-av_textblock-0366cc7376be6c9e82a3e9cc8987b64f'  itemscope=\"itemscope\" itemtype=\"https:\/\/schema.org\/CreativeWork\" ><div class='avia_textblock'  itemprop=\"text\" ><h3 style=\"color: #0070ba;\">Tecnolog\u00eda<\/h3>\n<p><!--ul>\n \t\n\n\n\n<li><b>e-CRD \u00ae -><\/b> Cuaderno de recogida de datos electr\u00f3nico.<b> <\/b>Soluci\u00f3n tecnol\u00f3gica que permite gestionar y compartir informaci\u00f3n en un entorno web de forma sencilla y a tiempo real. Garantizamos el registro electr\u00f3nico de los pacientes asociados a los diversos estudios cl\u00ednicos o ensayos, su validaci\u00f3n, explotaci\u00f3n y an\u00e1lisis de la informaci\u00f3n recogida, cumpliendo con la normativa vigente.<\/li>\n\n\n\n\n<\/ul>\n\n\n\n\n\n\n\n\n<ul>\n \t\n\n\n\n<li><b>e-CMI \u00ae -> <\/b>Soluci\u00f3n tecnol\u00f3gica PIONERA e INTERACTIVA que permite poder extraer inteligencia de un estudio cl\u00ednico, de forma automatizada, did\u00e1ctica e intuitiva en un entorno WEB y a tiempo REAL. Dispone de un m\u00f3dulo descriptivo, donde a trav\u00e9s de pesta\u00f1as, se muestran las diversas fases de un estudio cl\u00ednico: centros Hospitalarios, datos demogr\u00e1ficos, Diagn\u00f3stico, Cirug\u00eda, Tratamiento y otros tantos, y un m\u00f3dulo estad\u00edstico con Curvas de Supervivencia, Regresi\u00f3n de Cox, Tablas de Contingencia y cualquier otro\u00a0elementos estad\u00edstico soportado por el software estad\u00edstico \"R\".<\/li>\n\n\n\n\n<\/ul>\n\n\n\n\n\n\n\n\n<ul>\n \t\n\n\n\n<li><img loading=\"lazy\" decoding=\"async\" class=\"alignright wp-image-3409 size-medium\" src=\"http:\/\/web.mfar.es\/web\/wp-content\/uploads\/2016\/12\/Logo-MFAR-Medical-Technology-300x272.png\" alt=\"logo-mfar-medical-technology\" width=\"300\" height=\"272\" srcset=\"https:\/\/web.mfar.es\/web\/wp-content\/uploads\/2016\/12\/Logo-MFAR-Medical-Technology-300x272.png 300w, https:\/\/web.mfar.es\/web\/wp-content\/uploads\/2016\/12\/Logo-MFAR-Medical-Technology-768x697.png 768w, https:\/\/web.mfar.es\/web\/wp-content\/uploads\/2016\/12\/Logo-MFAR-Medical-Technology-705x640.png 705w, https:\/\/web.mfar.es\/web\/wp-content\/uploads\/2016\/12\/Logo-MFAR-Medical-Technology-450x408.png 450w, https:\/\/web.mfar.es\/web\/wp-content\/uploads\/2016\/12\/Logo-MFAR-Medical-Technology.png 954w\" sizes=\"auto, (max-width: 300px) 100vw, 300px\" \/><b>e-IMA-><\/b> Plataforma de tratamiento de im\u00e1genes.<\/li>\n\n\n\n\n<\/ul>\n\n\n\n\n\n\n\n\n<ul>\n \t\n\n\n\n<li><b>e-BIO-><\/b> Plataforma de gesti\u00f3n de biobancos y env\u00edo de muestras.<\/li>\n\n\n\n\n<\/ul>\n\n\n\n\n\n\n\n\n<ul>\n \t\n\n\n\n<li><b>e-INV-><\/b> Plataforma de gesti\u00f3n y administraci\u00f3n de estudios cl\u00ednicos.<\/li>\n\n\n\n\n<\/ul>\n\n\n\n\n\n\n\n\n<ul>\n \t\n\n\n\n<li><strong>e-LEARNING<\/strong> -> Plataforma de formaci\u00f3n <em>online<\/em>.<\/li>\n\n\n\n\n<\/ul>\n\n\n\n\n\n\n\n\n<ul>\n \t\n\n\n\n<li><strong>WEBSITES<\/strong> -> Creaci\u00f3n, alojamiento y gesti\u00f3n de contenidos de sitios web.<\/li>\n\n\n\n\n<\/ul>\n\n\n\n\n\n\n\n\n<ul>\n \t\n\n\n\n<li><b>Ad-hoc Solutions -> <\/b>\u00a0Desarrollo de soluciones a medida.<\/li>\n\n\n\n\n<\/ul-->\n<\/div><\/section>\n\n<style type=\"text\/css\" data-created_by=\"avia_inline_auto\" id=\"style-css-av-av_three_fourth-6126cab7d8fab8d08143dd2dacdf673c\">\n.flex_column.av-av_three_fourth-6126cab7d8fab8d08143dd2dacdf673c{\nborder-radius:0px 0px 0px 0px;\n-webkit-border-radius:0px 0px 0px 0px;\n-moz-border-radius:0px 0px 0px 0px;\n}\n<\/style>\n<div class='flex_column av-av_three_fourth-6126cab7d8fab8d08143dd2dacdf673c av_three_fourth  avia-builder-el-1  el_after_av_textblock  el_before_av_one_fourth  first flex_column_div av-zero-column-padding column-top-margin'   ><section  class='av_textblock_section av-av_textblock-0366cc7376be6c9e82a3e9cc8987b64f'  itemscope=\"itemscope\" itemtype=\"https:\/\/schema.org\/CreativeWork\" ><div class='avia_textblock'  itemprop=\"text\" ><p>Ofrecemos soluciones <b>tecnol\u00f3gicas <\/b>est\u00e1ndar y personalizadas, en un entorno WEB y a tiempo real.<\/p>\n<p>Expertos en la implantaci\u00f3n de cuadernos de recogida de datos (e-CRD) y <b>l\u00edderes en la extracci\u00f3n de inteligencia, a trav\u00e9s de nuestro cuadro de mandos interactivos (e-CMI)<\/b>.<\/p>\n<p>Pioneros en soluciones tecnol\u00f3gicas web de <b>an\u00e1lisis estad\u00edsticos automatizados (Curvas Supervivencia y Tablas contingencia).<\/b><\/p>\n<ul>\n<li style=\"text-align: justify;\"><b>e-CRD \u00ae<\/b>: Cuaderno de recogida de datos electr\u00f3nico.<b> <\/b>Soluci\u00f3n tecnol\u00f3gica que permite gestionar y compartir informaci\u00f3n en un entorno web de forma sencilla y a tiempo real. Garantizamos el registro electr\u00f3nico de los pacientes asociados a los diversos estudios cl\u00ednicos o ensayos, su validaci\u00f3n, explotaci\u00f3n y an\u00e1lisis de la informaci\u00f3n recogida, cumpliendo con la normativa vigente.<\/li>\n<\/ul>\n<ul style=\"text-align: justify;\">\n<li><b>e-CMI \u00ae<\/b>:<b> <\/b>Soluci\u00f3n tecnol\u00f3gica PIONERA e INTERACTIVA que permite poder extraer inteligencia de un estudio cl\u00ednico, de forma automatizada, did\u00e1ctica e intuitiva en un entorno WEB y a tiempo REAL. Dispone de un m\u00f3dulo descriptivo, donde a trav\u00e9s de pesta\u00f1as, se muestran las diversas fases de un estudio cl\u00ednico: centros Hospitalarios, datos demogr\u00e1ficos, Diagn\u00f3stico, Cirug\u00eda, Tratamiento y otros tantos, y un m\u00f3dulo estad\u00edstico con Curvas de Supervivencia, Regresi\u00f3n de Cox, Tablas de Contingencia y cualquier otro elementos estad\u00edstico soportado por el software estad\u00edstico \u00abR\u00bb.<\/li>\n<\/ul>\n<ul style=\"text-align: justify;\">\n<li><b>e-IMA<\/b>: Plataforma de tratamiento de im\u00e1genes.<\/li>\n<\/ul>\n<ul style=\"text-align: justify;\">\n<li><b>e-BIO<\/b>: Plataforma de gesti\u00f3n de biobancos y env\u00edo de muestras.<\/li>\n<\/ul>\n<ul style=\"text-align: justify;\">\n<li><b>e-INV<\/b>: Plataforma de gesti\u00f3n y administraci\u00f3n de estudios cl\u00ednicos.<\/li>\n<\/ul>\n<ul style=\"text-align: justify;\">\n<li><b>e-IWRS<\/b>: Plataforma para la gesti\u00f3n de stock de f\u00e1rmacos.<\/li>\n<\/ul>\n<ul style=\"text-align: justify;\">\n<li><strong>e-LEARNING<\/strong>: Plataforma de formaci\u00f3n <em>online<\/em>.<\/li>\n<\/ul>\n<ul style=\"text-align: justify;\">\n<li><strong>WEBSITES<\/strong>: Creaci\u00f3n, alojamiento y gesti\u00f3n de contenidos de sitios web.<\/li>\n<\/ul>\n<ul>\n<li style=\"text-align: justify;\"><b>Ad-hoc Solutions<\/b>:<b> <\/b> Desarrollo de soluciones a medida.<\/li>\n<\/ul>\n<\/div><\/section><\/div>\n\n<style type=\"text\/css\" data-created_by=\"avia_inline_auto\" id=\"style-css-av-av_one_fourth-0aa7055fe62c3622faec82866afbaeb2\">\n.flex_column.av-av_one_fourth-0aa7055fe62c3622faec82866afbaeb2{\nborder-radius:0px 0px 0px 0px;\n-webkit-border-radius:0px 0px 0px 0px;\n-moz-border-radius:0px 0px 0px 0px;\n}\n<\/style>\n<div class='flex_column av-av_one_fourth-0aa7055fe62c3622faec82866afbaeb2 av_one_fourth  avia-builder-el-3  el_after_av_three_fourth  avia-builder-el-last  flex_column_div av-zero-column-padding column-top-margin'   ><style type=\"text\/css\" data-created_by=\"avia_inline_auto\" id=\"style-css-av-av_image-ca7c72d2d64049068511f6a0c05c6ef0\">\n.avia-image-container.av-av_image-ca7c72d2d64049068511f6a0c05c6ef0 .av-image-caption-overlay-center{\ncolor:#ffffff;\n}\n<\/style>\n<div  class='avia-image-container av-av_image-ca7c72d2d64049068511f6a0c05c6ef0 av-styling- avia-align-center  avia-builder-el-4  avia-builder-el-no-sibling '  itemprop=\"image\" itemscope=\"itemscope\" itemtype=\"https:\/\/schema.org\/ImageObject\" ><div class=\"avia-image-container-inner\"><div class=\"avia-image-overlay-wrap\"><img decoding=\"async\" class='wp-image-4612 avia-img-lazy-loading-not-4612 avia_image' src=\"https:\/\/web.mfar.es\/web\/wp-content\/uploads\/2021\/05\/MFAR_logo-tecnolog\u00eda-1-208x300.png\" alt='' title='MFAR_logo tecnolog\u00eda'  height=\"300\" width=\"208\"  itemprop=\"thumbnailUrl\"  \/><\/div><\/div><\/div><\/div>\n","protected":false},"excerpt":{"rendered":"","protected":false},"author":1,"featured_media":0,"parent":11,"menu_order":3,"comment_status":"closed","ping_status":"closed","template":"","meta":{"footnotes":""},"class_list":["post-3305","page","type-page","status-publish","hentry"],"_links":{"self":[{"href":"https:\/\/web.mfar.es\/web\/wp-json\/wp\/v2\/pages\/3305","targetHints":{"allow":["GET"]}}],"collection":[{"href":"https:\/\/web.mfar.es\/web\/wp-json\/wp\/v2\/pages"}],"about":[{"href":"https:\/\/web.mfar.es\/web\/wp-json\/wp\/v2\/types\/page"}],"author":[{"embeddable":true,"href":"https:\/\/web.mfar.es\/web\/wp-json\/wp\/v2\/users\/1"}],"replies":[{"embeddable":true,"href":"https:\/\/web.mfar.es\/web\/wp-json\/wp\/v2\/comments?post=3305"}],"version-history":[{"count":21,"href":"https:\/\/web.mfar.es\/web\/wp-json\/wp\/v2\/pages\/3305\/revisions"}],"predecessor-version":[{"id":4629,"href":"https:\/\/web.mfar.es\/web\/wp-json\/wp\/v2\/pages\/3305\/revisions\/4629"}],"up":[{"embeddable":true,"href":"https:\/\/web.mfar.es\/web\/wp-json\/wp\/v2\/pages\/11"}],"wp:attachment":[{"href":"https:\/\/web.mfar.es\/web\/wp-json\/wp\/v2\/media?parent=3305"}],"curies":[{"name":"wp","href":"https:\/\/api.w.org\/{rel}","templated":true}]}}