{"id":3307,"date":"2016-12-28T12:51:40","date_gmt":"2016-12-28T12:51:40","guid":{"rendered":"http:\/\/web.mfar.es\/web\/?page_id=3307"},"modified":"2021-05-06T11:14:45","modified_gmt":"2021-05-06T11:14:45","slug":"consultoria-grupos-investigacion","status":"publish","type":"page","link":"https:\/\/web.mfar.es\/web\/es\/servicios\/consultoria-grupos-investigacion\/","title":{"rendered":"Consultor\u00eda Grupos de Investigaci\u00f3n"},"content":{"rendered":"<section  class='av_textblock_section av-av_textblock-0366cc7376be6c9e82a3e9cc8987b64f'  itemscope=\"itemscope\" itemtype=\"https:\/\/schema.org\/CreativeWork\" ><div class='avia_textblock'  itemprop=\"text\" ><h3 style=\"color: #0070ba;\">Consultor\u00eda Grupos de investigaci\u00f3n<\/h3>\n<p><!--img class=\"wp-image-3431 alignleft\" src=\"http:\/\/web.mfar.es\/web\/wp-content\/uploads\/2016\/12\/network-1762507_1280-1-300x200.png\" alt=\"network-1762507_1280-1\" width=\"350\" height=\"233\" \/>\n\n\n\n\n<ul>\n \t\n\n\n\n<li><b>Tr\u00e1mites:<\/b> Constituci\u00f3n de Grupos, Asociaciones, Inscripci\u00f3n Ministerio, Acreditaciones, Regulaci\u00f3n, Bibliograf\u00eda e Informes, etc.<\/li>\n\n\n\n\n \t\n\n\n\n<li><strong>Consultor\u00eda Legal<\/strong><\/li>\n\n\n\n\n \t\n\n\n\n<li><strong>Consultor\u00eda Financiera<\/strong><\/li>\n\n\n\n\n \t\n\n\n\n<li><strong>Impuestos<\/strong><\/li>\n\n\n\n\n<\/ul-->\n<\/div><\/section>\n\n<style type=\"text\/css\" data-created_by=\"avia_inline_auto\" id=\"style-css-av-av_three_fourth-6126cab7d8fab8d08143dd2dacdf673c\">\n.flex_column.av-av_three_fourth-6126cab7d8fab8d08143dd2dacdf673c{\nborder-radius:0px 0px 0px 0px;\n-webkit-border-radius:0px 0px 0px 0px;\n-moz-border-radius:0px 0px 0px 0px;\n}\n<\/style>\n<div class='flex_column av-av_three_fourth-6126cab7d8fab8d08143dd2dacdf673c av_three_fourth  avia-builder-el-1  el_after_av_textblock  el_before_av_one_fourth  first flex_column_div av-zero-column-padding column-top-margin'   ><section  class='av_textblock_section av-av_textblock-0366cc7376be6c9e82a3e9cc8987b64f'  itemscope=\"itemscope\" itemtype=\"https:\/\/schema.org\/CreativeWork\" ><div class='avia_textblock'  itemprop=\"text\" ><p><strong>L<\/strong><b>\u00edderes nacionales en apoyo y gesti\u00f3n integral de Grupos de Investigaci\u00f3n Cooperativos <\/b>cubriendo aspectos organizativos, financieros y log\u00edsticos.<\/p>\n<p>Actuamos como <b>interlocutor<\/b> frente a Organismos Oficiales, Industria Farmac\u00e9utica, y otros Grupos Cooperativos de Investigaci\u00f3n.<\/p>\n<ul>\n<li><b>Tr\u00e1mites:<\/b> Constituci\u00f3n de Grupos, Asociaciones, Inscripci\u00f3n Ministerio, Acreditaciones, Regulaci\u00f3n, Bibliograf\u00eda e Informes, etc.<\/li>\n<li><b>Secretar\u00eda T\u00e9cnica de Grupos:<\/b> Gesti\u00f3n de miembros, interlocuci\u00f3n con terceros, soporte administrativo, seguimiento y registro de actividad, actas, memoria cient\u00edfica, etc.<\/li>\n<li><strong>Consultor\u00eda Legal<\/strong><\/li>\n<li><strong>Consultor\u00eda Financiera<\/strong><\/li>\n<li><strong>Impuestos<\/strong><\/li>\n<\/ul>\n<\/div><\/section><\/div>\n\n<style type=\"text\/css\" data-created_by=\"avia_inline_auto\" id=\"style-css-av-av_one_fourth-0aa7055fe62c3622faec82866afbaeb2\">\n.flex_column.av-av_one_fourth-0aa7055fe62c3622faec82866afbaeb2{\nborder-radius:0px 0px 0px 0px;\n-webkit-border-radius:0px 0px 0px 0px;\n-moz-border-radius:0px 0px 0px 0px;\n}\n<\/style>\n<div class='flex_column av-av_one_fourth-0aa7055fe62c3622faec82866afbaeb2 av_one_fourth  avia-builder-el-3  el_after_av_three_fourth  avia-builder-el-last  flex_column_div av-zero-column-padding column-top-margin'   ><style type=\"text\/css\" data-created_by=\"avia_inline_auto\" id=\"style-css-av-av_image-9f4c9a4d5ce7548c2d698802a25d6d80\">\n.avia-image-container.av-av_image-9f4c9a4d5ce7548c2d698802a25d6d80 .av-image-caption-overlay-center{\ncolor:#ffffff;\n}\n<\/style>\n<div  class='avia-image-container av-av_image-9f4c9a4d5ce7548c2d698802a25d6d80 av-styling- avia-align-center  avia-builder-el-4  avia-builder-el-no-sibling '  itemprop=\"image\" itemscope=\"itemscope\" itemtype=\"https:\/\/schema.org\/ImageObject\" ><div class=\"avia-image-container-inner\"><div class=\"avia-image-overlay-wrap\"><img decoding=\"async\" class='wp-image-4616 avia-img-lazy-loading-not-4616 avia_image' src=\"https:\/\/web.mfar.es\/web\/wp-content\/uploads\/2021\/05\/MFAR_logo-consultor\u00eda-1-207x300.png\" alt='' title='MFAR_logo consultor\u00eda'  height=\"300\" width=\"207\"  itemprop=\"thumbnailUrl\" srcset=\"https:\/\/web.mfar.es\/web\/wp-content\/uploads\/2021\/05\/MFAR_logo-consultor\u00eda-1-207x300.png 207w, https:\/\/web.mfar.es\/web\/wp-content\/uploads\/2021\/05\/MFAR_logo-consultor\u00eda-1.png 208w\" sizes=\"(max-width: 207px) 100vw, 207px\" \/><\/div><\/div><\/div><\/div>\n","protected":false},"excerpt":{"rendered":"","protected":false},"author":1,"featured_media":0,"parent":11,"menu_order":4,"comment_status":"closed","ping_status":"closed","template":"","meta":{"footnotes":""},"class_list":["post-3307","page","type-page","status-publish","hentry"],"_links":{"self":[{"href":"https:\/\/web.mfar.es\/web\/wp-json\/wp\/v2\/pages\/3307","targetHints":{"allow":["GET"]}}],"collection":[{"href":"https:\/\/web.mfar.es\/web\/wp-json\/wp\/v2\/pages"}],"about":[{"href":"https:\/\/web.mfar.es\/web\/wp-json\/wp\/v2\/types\/page"}],"author":[{"embeddable":true,"href":"https:\/\/web.mfar.es\/web\/wp-json\/wp\/v2\/users\/1"}],"replies":[{"embeddable":true,"href":"https:\/\/web.mfar.es\/web\/wp-json\/wp\/v2\/comments?post=3307"}],"version-history":[{"count":20,"href":"https:\/\/web.mfar.es\/web\/wp-json\/wp\/v2\/pages\/3307\/revisions"}],"predecessor-version":[{"id":4637,"href":"https:\/\/web.mfar.es\/web\/wp-json\/wp\/v2\/pages\/3307\/revisions\/4637"}],"up":[{"embeddable":true,"href":"https:\/\/web.mfar.es\/web\/wp-json\/wp\/v2\/pages\/11"}],"wp:attachment":[{"href":"https:\/\/web.mfar.es\/web\/wp-json\/wp\/v2\/media?parent=3307"}],"curies":[{"name":"wp","href":"https:\/\/api.w.org\/{rel}","templated":true}]}}