{"id":3441,"date":"2016-12-29T13:13:14","date_gmt":"2016-12-29T13:13:14","guid":{"rendered":"http:\/\/web.mfar.es\/web\/?page_id=3441"},"modified":"2017-02-01T12:37:03","modified_gmt":"2017-02-01T12:37:03","slug":"trabaja-con-nosotros","status":"publish","type":"page","link":"https:\/\/web.mfar.es\/web\/es\/trabaja-con-nosotros\/","title":{"rendered":"Trabaja con nosotros"},"content":{"rendered":"<h3>Cont\u00e1ctanos<\/h3>\n\n<div class=\"wpcf7 no-js\" id=\"wpcf7-f3929-o1\" lang=\"es-ES\" dir=\"ltr\" data-wpcf7-id=\"3929\">\n<div class=\"screen-reader-response\"><p role=\"status\" aria-live=\"polite\" aria-atomic=\"true\"><\/p> <ul><\/ul><\/div>\n<form action=\"\/web\/wp-json\/wp\/v2\/pages\/3441#wpcf7-f3929-o1\" method=\"post\" class=\"wpcf7-form init\" aria-label=\"Formulario de contacto\" enctype=\"multipart\/form-data\" novalidate=\"novalidate\" data-status=\"init\">\n<fieldset class=\"hidden-fields-container\"><input type=\"hidden\" name=\"_wpcf7\" value=\"3929\" \/><input type=\"hidden\" name=\"_wpcf7_version\" value=\"6.1.5\" \/><input type=\"hidden\" name=\"_wpcf7_locale\" value=\"es_ES\" \/><input type=\"hidden\" name=\"_wpcf7_unit_tag\" value=\"wpcf7-f3929-o1\" \/><input type=\"hidden\" name=\"_wpcf7_container_post\" value=\"0\" \/><input type=\"hidden\" name=\"_wpcf7_posted_data_hash\" value=\"\" \/><input type=\"hidden\" name=\"_wpcf7_recaptcha_response\" value=\"\" \/>\n<\/fieldset>\n<div class=\"clearfix\">\n\t<div id=\"left\">\n\t\t<p><label> Nombre (requerido)<span class=\"wpcf7-form-control-wrap\" data-name=\"your-name\"><input size=\"40\" maxlength=\"400\" class=\"wpcf7-form-control wpcf7-text wpcf7-validates-as-required\" aria-required=\"true\" aria-invalid=\"false\" value=\"\" type=\"text\" name=\"your-name\" \/><\/span> <\/label><br \/>\n<label> Apellidos (requerido)<span class=\"wpcf7-form-control-wrap\" data-name=\"your-surname\"><input size=\"40\" maxlength=\"400\" class=\"wpcf7-form-control wpcf7-text wpcf7-validates-as-required\" aria-required=\"true\" aria-invalid=\"false\" value=\"\" type=\"text\" name=\"your-surname\" \/><\/span> <\/label><br \/>\n<label> Correo electr\u00f3nico (requerido)<span class=\"wpcf7-form-control-wrap\" data-name=\"your-email\"><input size=\"40\" maxlength=\"400\" class=\"wpcf7-form-control wpcf7-email wpcf7-validates-as-required wpcf7-text wpcf7-validates-as-email\" aria-required=\"true\" aria-invalid=\"false\" value=\"\" type=\"email\" name=\"your-email\" \/><\/span> <\/label><br \/>\n<label> Tel\u00e9fono<span class=\"wpcf7-form-control-wrap\" data-name=\"your-telephone\"><input size=\"40\" maxlength=\"400\" class=\"wpcf7-form-control wpcf7-text\" aria-invalid=\"false\" value=\"\" type=\"text\" name=\"your-telephone\" \/><\/span> <\/label>\n\t\t<\/p>\n\t<\/div>\n\t<div id=\"right\">\n\t\t<p><label> Mensaje<span class=\"wpcf7-form-control-wrap\" data-name=\"your-message\"><textarea cols=\"40\" rows=\"10\" maxlength=\"2000\" class=\"wpcf7-form-control wpcf7-textarea\" aria-invalid=\"false\" name=\"your-message\"><\/textarea><\/span> <\/label>\n\t\t<\/p>\n\t<\/div>\n<\/div>\n<p><span class=\"wpcf7-form-control-wrap\" data-name=\"file-473\"><input size=\"40\" class=\"wpcf7-form-control wpcf7-file\" accept=\".pdf,.doc,.docx,.txt\" aria-invalid=\"false\" type=\"file\" name=\"file-473\" \/><\/span><label>(Formatos aceptados: pdf, doc, docx y txt. Tama\u00f1o m\u00e1ximo: 2 Mb (2.048 Kb).<\/label>\n<\/p>\n<p><span class=\"wpcf7-form-control-wrap\" data-name=\"math-quiz\"><label><span class=\"wpcf7-quiz-label\">Indique el resultado: 3 + 2 = ?<\/span> <input size=\"40\" class=\"wpcf7-form-control wpcf7-quiz\" autocomplete=\"off\" aria-required=\"true\" aria-invalid=\"false\" type=\"text\" name=\"math-quiz\" \/><\/label><input type=\"hidden\" name=\"_wpcf7_quiz_answer_math-quiz\" value=\"41c3860dabe799b9799e2b315b2a39b2\" \/><\/span>\n<\/p>\n<p><span class=\"wpcf7-form-control-wrap\" data-name=\"privacidad\"><span class=\"wpcf7-form-control wpcf7-checkbox wpcf7-validates-as-required\" id=\"privacidad\"><span class=\"wpcf7-list-item first last\"><input type=\"checkbox\" name=\"privacidad[]\" value=\"Declaro haber le\u00eddo y acepto la\" \/><span class=\"wpcf7-list-item-label\">Declaro haber le\u00eddo y acepto la<\/span><\/span><\/span><\/span><a href=\"https:\/\/web.mfar.es\/web\/es\/privacidad\/\" target=\"_blank\">pol\u00edtica de privacidad<\/a>\n<\/p>\n<p><input class=\"wpcf7-form-control wpcf7-submit has-spinner\" type=\"submit\" value=\"Enviar\" \/>\n<\/p>\n<p><label style=\"font-size:8px\"><b>Responsable:<\/b> Marketing Farmac\u00e9utico & Investigaci\u00f3n Cl\u00ednica, S.L. (el \u201c<b>MFAR<\/b>\u201d o el \u201c<b>Prestador<\/b>\u201d)<\/label><br \/>\n<label style=\"font-size:8px\"><b>Finalidad:<\/b> Solicitud para establecer contacto con el Grupo a trav\u00e9s de la cumplimentaci\u00f3n del presente formulario.<\/label><br \/>\n<label style=\"font-size:8px\"><b>Legitimaci\u00f3n:<\/b> Ejecuci\u00f3n de la presente solicitud. En caso de no facilitar sus datos, no se podr\u00e1 tramitar su solicitud.<\/label><br \/>\n<label style=\"font-size:8px\"><b>Destinatarios:<\/b> El Prestador.<\/label><br \/>\n<label style=\"font-size:8px\"><b>Derechos:<\/b> Acceder, rectificar y suprimir los datos, as\u00ed como otros derechos que se explican en la Informaci\u00f3n adicional.<\/label><br \/>\n<label style=\"font-size:8px\"><b>Informaci\u00f3n adicional:<\/b> Puede consultar la informaci\u00f3n adicional en el siguiente enlace: <a href=\"https:\/\/web.mfar.es\/web\/es\/privacidad\/\" target=\"_blank\">Pol\u00edtica de privacidad<\/a>.<\/label>\n<\/p><div class=\"wpcf7-response-output\" aria-hidden=\"true\"><\/div>\n<\/form>\n<\/div>\n\n","protected":false},"excerpt":{"rendered":"<p>Cont\u00e1ctanos<\/p>\n","protected":false},"author":1,"featured_media":0,"parent":0,"menu_order":7,"comment_status":"closed","ping_status":"closed","template":"","meta":{"footnotes":""},"class_list":["post-3441","page","type-page","status-publish","hentry"],"_links":{"self":[{"href":"https:\/\/web.mfar.es\/web\/wp-json\/wp\/v2\/pages\/3441","targetHints":{"allow":["GET"]}}],"collection":[{"href":"https:\/\/web.mfar.es\/web\/wp-json\/wp\/v2\/pages"}],"about":[{"href":"https:\/\/web.mfar.es\/web\/wp-json\/wp\/v2\/types\/page"}],"author":[{"embeddable":true,"href":"https:\/\/web.mfar.es\/web\/wp-json\/wp\/v2\/users\/1"}],"replies":[{"embeddable":true,"href":"https:\/\/web.mfar.es\/web\/wp-json\/wp\/v2\/comments?post=3441"}],"version-history":[{"count":11,"href":"https:\/\/web.mfar.es\/web\/wp-json\/wp\/v2\/pages\/3441\/revisions"}],"predecessor-version":[{"id":4282,"href":"https:\/\/web.mfar.es\/web\/wp-json\/wp\/v2\/pages\/3441\/revisions\/4282"}],"wp:attachment":[{"href":"https:\/\/web.mfar.es\/web\/wp-json\/wp\/v2\/media?parent=3441"}],"curies":[{"name":"wp","href":"https:\/\/api.w.org\/{rel}","templated":true}]}}