{"id":3571,"date":"2017-01-18T14:39:01","date_gmt":"2017-01-18T14:39:01","guid":{"rendered":"http:\/\/web.mfar.es\/web\/?page_id=3571"},"modified":"2023-09-29T08:13:45","modified_gmt":"2023-09-29T08:13:45","slug":"links","status":"publish","type":"page","link":"https:\/\/web.mfar.es\/web\/es\/links\/","title":{"rendered":"Links"},"content":{"rendered":"<hr \/>\n<h3 style=\"color: #138cef;\">Enlaces de inter\u00e9s<\/h3>\n<p>&nbsp;<\/p>\n<ul>\n<li><strong>Registro espa\u00f1ol ensayos cl\u00ednicos<\/strong>:\u00a0<a href=\"https:\/\/reec.aemps.es\/reec\/public\/web.html\" target=\"_blank\" rel=\"noopener noreferrer\">https:\/\/reec.aemps.es\/reec\/public\/web.html<\/a><\/li>\n<li><strong>AEMPS<\/strong>:\u00a0<a href=\"https:\/\/www.aemps.gob.es\/medicamentos-de-uso-humano\/investigacion_medicamentos\/\" target=\"_blank\" rel=\"noopener noreferrer\">https:\/\/www.aemps.gob.es\/medicamentos-de-uso-humano\/investigacion_medicamentos\/<\/a><\/li>\n<li><strong>Ministerio de Sanidad<\/strong>:\u00a0<a href=\"http:\/\/www.msc.es\/ciudadanos\/proteccionSalud\/home.htm\" target=\"_blank\" rel=\"noopener noreferrer\">http:\/\/www.msc.es\/ciudadanos\/proteccionSalud\/home.htm<\/a><\/li>\n<li><strong>EMA<\/strong>:\u00a0<a href=\"https:\/\/www.ema.europa.eu\/en\" target=\"_blank\" rel=\"noopener noreferrer\">https:\/\/www.ema.europa.eu\/en<\/a><\/li>\n<li><strong>EUDRALEX<\/strong>:\u00a0<a href=\"https:\/\/ec.europa.eu\/health\/documents\/eudralex_en\" target=\"_blank\" rel=\"noopener noreferrer\">https:\/\/ec.europa.eu\/health\/documents\/eudralex_en<\/a><\/li>\n<li><strong>ICH<\/strong>:\u00a0<a href=\"http:\/\/www.ich.org\/products\/guidelines.html\" target=\"_blank\" rel=\"noopener noreferrer\">http:\/\/www.ich.org\/products\/guidelines.html<\/a><\/li>\n<li><strong>Diario M\u00e9dico<\/strong>:\u00a0<a href=\"http:\/\/www.diariomedico.com\/\" target=\"_blank\" rel=\"noopener noreferrer\">http:\/\/www.diariomedico.com<\/a><\/li>\n<li><strong>Farmaindustria<\/strong>:\u00a0<a href=\"http:\/\/www.farmaindustria.es\/web\/\" target=\"_blank\" rel=\"noopener noreferrer\">http:\/\/www.farmaindustria.com<\/a><\/li>\n<li><strong>Correo Farmac\u00e9utico<\/strong>:\u00a0<a href=\"http:\/\/www.correofarmaceutico.com\/farmacologia?intcmp=MENUHOM00601&amp;s_kw=farmacologia\" target=\"_blank\" rel=\"noopener noreferrer\">http:\/\/www.correofarmaceutico.com\/farmacologia?intcmp=MENUHOM00601&amp;s_kw=farmacologia<\/a><\/li>\n<\/ul>\n<hr \/>\n<ul>\n<li><strong>Plataforma MFAR<\/strong>:\u00a0<a href=\"https:\/\/www.mfar.es\/access\" target=\"_blank\" rel=\"noopener noreferrer\">https:\/\/www.mfar.es\/access<\/a><\/li>\n<li><strong>Intranet MFAR<\/strong>:\u00a0<a href=\"https:\/\/sites.google.com\/a\/mfar.net\/intranet\" target=\" rel=\" rel=\"noopener\">https:\/\/sites.google.com<\/a><\/li>\n<li><strong>Formaci\u00f3n MFAR<\/strong>: <a href=\"https:\/\/www.mfar.online\/formacion\/\" target=\"_blank\" rel=\"noopener noreferrer\">https:\/\/www.mfar.online\/formacion\/<\/a><\/li>\n<\/ul>\n<p>&nbsp;<\/p>\n<p style=\"height: 250px;\">\n","protected":false},"excerpt":{"rendered":"<p>Enlaces de inter\u00e9s &nbsp; Registro espa\u00f1ol ensayos cl\u00ednicos:\u00a0https:\/\/reec.aemps.es\/reec\/public\/web.html AEMPS:\u00a0https:\/\/www.aemps.gob.es\/medicamentos-de-uso-humano\/investigacion_medicamentos\/ Ministerio de Sanidad:\u00a0http:\/\/www.msc.es\/ciudadanos\/proteccionSalud\/home.htm EMA:\u00a0https:\/\/www.ema.europa.eu\/en EUDRALEX:\u00a0https:\/\/ec.europa.eu\/health\/documents\/eudralex_en ICH:\u00a0http:\/\/www.ich.org\/products\/guidelines.html Diario M\u00e9dico:\u00a0http:\/\/www.diariomedico.com Farmaindustria:\u00a0http:\/\/www.farmaindustria.com Correo Farmac\u00e9utico:\u00a0http:\/\/www.correofarmaceutico.com\/farmacologia?intcmp=MENUHOM00601&amp;s_kw=farmacologia Plataforma MFAR:\u00a0https:\/\/www.mfar.es\/access Intranet MFAR:\u00a0https:\/\/sites.google.com Formaci\u00f3n MFAR: https:\/\/www.mfar.online\/formacion\/ &nbsp;<\/p>\n","protected":false},"author":1,"featured_media":0,"parent":0,"menu_order":0,"comment_status":"closed","ping_status":"closed","template":"","meta":{"footnotes":""},"class_list":["post-3571","page","type-page","status-publish","hentry"],"_links":{"self":[{"href":"https:\/\/web.mfar.es\/web\/wp-json\/wp\/v2\/pages\/3571","targetHints":{"allow":["GET"]}}],"collection":[{"href":"https:\/\/web.mfar.es\/web\/wp-json\/wp\/v2\/pages"}],"about":[{"href":"https:\/\/web.mfar.es\/web\/wp-json\/wp\/v2\/types\/page"}],"author":[{"embeddable":true,"href":"https:\/\/web.mfar.es\/web\/wp-json\/wp\/v2\/users\/1"}],"replies":[{"embeddable":true,"href":"https:\/\/web.mfar.es\/web\/wp-json\/wp\/v2\/comments?post=3571"}],"version-history":[{"count":33,"href":"https:\/\/web.mfar.es\/web\/wp-json\/wp\/v2\/pages\/3571\/revisions"}],"predecessor-version":[{"id":4833,"href":"https:\/\/web.mfar.es\/web\/wp-json\/wp\/v2\/pages\/3571\/revisions\/4833"}],"wp:attachment":[{"href":"https:\/\/web.mfar.es\/web\/wp-json\/wp\/v2\/media?parent=3571"}],"curies":[{"name":"wp","href":"https:\/\/api.w.org\/{rel}","templated":true}]}}