{"id":3639,"date":"2017-01-25T10:25:50","date_gmt":"2017-01-25T10:25:50","guid":{"rendered":"http:\/\/web.mfar.es\/web\/?page_id=3639"},"modified":"2021-05-06T08:59:10","modified_gmt":"2021-05-06T08:59:10","slug":"events-training","status":"publish","type":"page","link":"https:\/\/web.mfar.es\/web\/en\/servicios-en\/events-training\/","title":{"rendered":"Events &#038; Training<!--en-->"},"content":{"rendered":"<section  class='av_textblock_section av-av_textblock-0366cc7376be6c9e82a3e9cc8987b64f'  itemscope=\"itemscope\" itemtype=\"https:\/\/schema.org\/CreativeWork\" ><div class='avia_textblock'  itemprop=\"text\" ><h3 style=\"color: #0070ba;\">Marketing &amp; Events<\/h3>\n<p><!--img class=\"alignright wp-image-3418 size-medium\" src=\"http:\/\/web.mfar.es\/web\/wp-content\/uploads\/2016\/12\/Logo-MFAR-Marketing-_-Events-291x300.png\" alt=\"logo-mfar-marketing-_-events\" width=\"291\" height=\"300\" \/>\n\n\n\n\n<ul>\n \t\n\n\n\n<li><b>Eventos<\/b> -> Planificaci\u00f3n, organizaci\u00f3n y gesti\u00f3n integral de todo tipo de eventos m\u00e9dico-cient\u00edficos: Cursos presenciales y online, Congresos, Reuniones Cient\u00edficas, etc.<\/li>\n\n\n\n\n \t\n\n\n\n<li><strong>Secretar\u00eda T\u00e9cnica<\/strong> -> Gesti\u00f3n de programa, Solicitud de acreditaciones, Contactos con ponentes, Pago de honorarios, Tr\u00e1mites administrativos, Contrataci\u00f3n de Sede, Coordinaci\u00f3n de actividades cient\u00edficas y sociales, etc.<\/li>\n\n\n\n\n \t\n\n\n\n<li><b>Imagen & Comunicaci\u00f3n<\/b> ->\u00a0 Creatividad, dise\u00f1o y desarrollo de imagen o logotipo para eventos y sociedades. Soluciones a medida. Gesti\u00f3n de Redes Sociales (Sitios web, Twitter, Blogs, Wikis y Foros).<\/li>\n\n\n\n\n \t\n\n\n\n<li><b>Material Cient\u00edfico:<\/b> Edici\u00f3n Gu\u00edas cl\u00ednicas, Monograf\u00edas, Consensos, Publicaciones en revistas cient\u00edficas, etc.<\/li>\n\n\n\n\n<\/ul-->\n<\/div><\/section>\n\n<style type=\"text\/css\" data-created_by=\"avia_inline_auto\" id=\"style-css-av-av_three_fourth-6126cab7d8fab8d08143dd2dacdf673c\">\n.flex_column.av-av_three_fourth-6126cab7d8fab8d08143dd2dacdf673c{\nborder-radius:0px 0px 0px 0px;\n-webkit-border-radius:0px 0px 0px 0px;\n-moz-border-radius:0px 0px 0px 0px;\n}\n<\/style>\n<div class='flex_column av-av_three_fourth-6126cab7d8fab8d08143dd2dacdf673c av_three_fourth  avia-builder-el-1  el_after_av_textblock  el_before_av_one_fourth  first flex_column_div av-zero-column-padding column-top-margin'   ><section  class='av_textblock_section av-av_textblock-0366cc7376be6c9e82a3e9cc8987b64f'  itemscope=\"itemscope\" itemtype=\"https:\/\/schema.org\/CreativeWork\" ><div class='avia_textblock'  itemprop=\"text\" ><p>We provide an extensive proven experience on <b>organization, planning and global management <\/b>of all type of scientific-medical events <b>addressed to <\/b>the<b> Pharmaceutical Industry, Research Groups and Patient Associations.<\/b><\/p>\n<p>We offer a professional and personalized management of <b>Technical Secretariats<\/b> and all aspects related to<b> Image &amp; Communication<\/b>.<\/p>\n<ul>\n<li><b>Events<\/b>: Planning, organization and global management of all type of scientific-medical events: presential and on-line courses, congresses, scientific meetings, etc.<\/li>\n<li><b>Event Technical Secretariat<\/b>: Program management, labeling application, contact with speakers, payment of honorariums, administrative support, venue searching, coordination of scientific and social activities, etc.<\/li>\n<li><b>Image &amp; Communication<\/b>: Creativity, design and development of branding and logos for events and societies. Tailor-made solutions. Management of social networks (websites, Twitter, Blogs, Wikis and Forums).<\/li>\n<li><b>Scientific Material<\/b>:<b> <\/b>Edition of clinical guidelines, monographs, Consensus, Publications of scientific journals, etc.<\/li>\n<\/ul>\n<\/div><\/section><\/div>\n\n<style type=\"text\/css\" data-created_by=\"avia_inline_auto\" id=\"style-css-av-av_one_fourth-0aa7055fe62c3622faec82866afbaeb2\">\n.flex_column.av-av_one_fourth-0aa7055fe62c3622faec82866afbaeb2{\nborder-radius:0px 0px 0px 0px;\n-webkit-border-radius:0px 0px 0px 0px;\n-moz-border-radius:0px 0px 0px 0px;\n}\n<\/style>\n<div class='flex_column av-av_one_fourth-0aa7055fe62c3622faec82866afbaeb2 av_one_fourth  avia-builder-el-3  el_after_av_three_fourth  avia-builder-el-last  flex_column_div av-zero-column-padding column-top-margin'   ><style type=\"text\/css\" data-created_by=\"avia_inline_auto\" id=\"style-css-av-av_image-4a7669ce33ebc47db08044ec09237ee5\">\n.avia-image-container.av-av_image-4a7669ce33ebc47db08044ec09237ee5 .av-image-caption-overlay-center{\ncolor:#ffffff;\n}\n<\/style>\n<div  class='avia-image-container av-av_image-4a7669ce33ebc47db08044ec09237ee5 av-styling- avia-align-center  avia-builder-el-4  avia-builder-el-no-sibling '  itemprop=\"image\" itemscope=\"itemscope\" itemtype=\"https:\/\/schema.org\/ImageObject\" ><div class=\"avia-image-container-inner\"><div class=\"avia-image-overlay-wrap\"><img decoding=\"async\" class='wp-image-4512 avia-img-lazy-loading-not-4512 avia_image' src=\"https:\/\/web.mfar.es\/web\/wp-content\/uploads\/2021\/04\/MFAR_logo-events-208x300.png\" alt='' title='MFAR_logo events'  height=\"300\" width=\"208\"  itemprop=\"thumbnailUrl\"  \/><\/div><\/div><\/div><\/div>\n","protected":false},"excerpt":{"rendered":"","protected":false},"author":1,"featured_media":0,"parent":3630,"menu_order":2,"comment_status":"closed","ping_status":"closed","template":"","meta":{"footnotes":""},"class_list":["post-3639","page","type-page","status-publish","hentry"],"_links":{"self":[{"href":"https:\/\/web.mfar.es\/web\/wp-json\/wp\/v2\/pages\/3639","targetHints":{"allow":["GET"]}}],"collection":[{"href":"https:\/\/web.mfar.es\/web\/wp-json\/wp\/v2\/pages"}],"about":[{"href":"https:\/\/web.mfar.es\/web\/wp-json\/wp\/v2\/types\/page"}],"author":[{"embeddable":true,"href":"https:\/\/web.mfar.es\/web\/wp-json\/wp\/v2\/users\/1"}],"replies":[{"embeddable":true,"href":"https:\/\/web.mfar.es\/web\/wp-json\/wp\/v2\/comments?post=3639"}],"version-history":[{"count":19,"href":"https:\/\/web.mfar.es\/web\/wp-json\/wp\/v2\/pages\/3639\/revisions"}],"predecessor-version":[{"id":3920,"href":"https:\/\/web.mfar.es\/web\/wp-json\/wp\/v2\/pages\/3639\/revisions\/3920"}],"up":[{"embeddable":true,"href":"https:\/\/web.mfar.es\/web\/wp-json\/wp\/v2\/pages\/3630"}],"wp:attachment":[{"href":"https:\/\/web.mfar.es\/web\/wp-json\/wp\/v2\/media?parent=3639"}],"curies":[{"name":"wp","href":"https:\/\/api.w.org\/{rel}","templated":true}]}}