{"id":4201,"date":"2019-12-19T15:07:04","date_gmt":"2019-12-19T15:07:04","guid":{"rendered":"https:\/\/web.mfar.es\/web\/?page_id=4201"},"modified":"2024-08-27T10:31:27","modified_gmt":"2024-08-27T10:31:27","slug":"cookies","status":"publish","type":"page","link":"https:\/\/web.mfar.es\/web\/es\/cookies\/","title":{"rendered":"Cookies"},"content":{"rendered":"\n<style type=\"text\/css\" data-created_by=\"avia_inline_auto\" id=\"style-css-av-6afgbd-0a105bd7765e7a4c6c38d28441ebaee5\">\n.flex_column.av-6afgbd-0a105bd7765e7a4c6c38d28441ebaee5{\nborder-radius:0px 0px 0px 0px;\n-webkit-border-radius:0px 0px 0px 0px;\n-moz-border-radius:0px 0px 0px 0px;\n}\n<\/style>\n<div class='flex_column av-6afgbd-0a105bd7765e7a4c6c38d28441ebaee5 av_one_full  avia-builder-el-0  avia-builder-el-no-sibling  first flex_column_div av-zero-column-padding '   ><p>\n<style type=\"text\/css\" data-created_by=\"avia_inline_auto\" id=\"style-css-av-48ycjt-cbe535457d062b8890dbd0854a6a3a98\">\n#top .av-special-heading.av-48ycjt-cbe535457d062b8890dbd0854a6a3a98{\npadding-bottom:10px;\n}\nbody .av-special-heading.av-48ycjt-cbe535457d062b8890dbd0854a6a3a98 .av-special-heading-tag .heading-char{\nfont-size:25px;\n}\n.av-special-heading.av-48ycjt-cbe535457d062b8890dbd0854a6a3a98 .av-subheading{\nfont-size:15px;\n}\n<\/style>\n<div  class='av-special-heading av-48ycjt-cbe535457d062b8890dbd0854a6a3a98 av-special-heading-h3  avia-builder-el-1  el_before_av_textblock  avia-builder-el-first '><h3 class='av-special-heading-tag'  itemprop=\"headline\"  >Pol\u00edtica de cookies<\/h3><div class=\"special-heading-border\"><div class=\"special-heading-inner-border\"><\/div><\/div><\/div><br \/>\n<section  class='av_textblock_section av-brtvd-8340101c33efde16a8ef553a73ab9c69'  itemscope=\"itemscope\" itemtype=\"https:\/\/schema.org\/CreativeWork\" ><div class='avia_textblock'  itemprop=\"text\" ><p>Esta p\u00e1gina web utiliza cookies y\/o tecnolog\u00edas similares que almacenan y recuperan<\/p>\n<p>informaci\u00f3n cuando navega. Las cookies son, como establece la Ley 34\/2002, de 11 de julio, de servicios de la sociedad de la informaci\u00f3n y de comercio electr\u00f3nico, cualquier tipo de dispositivo de almacenamiento y recuperaci\u00f3n de datos que se utilice en el equipo terminal de un usuario con la finalidad de almacenar informaci\u00f3n y recuperar la informaci\u00f3n ya almacenada. En general, estas tecnolog\u00edas pueden servir para finalidades muy diversas, como, por ejemplo, reconocerle como usuario, obtener informaci\u00f3n sobre sus h\u00e1bitos de navegaci\u00f3n con la finalidad de mejorar su experiencia como usuario, o personalizar la forma en que se muestra el contenido. Los usos concretos que hacemos de estas tecnolog\u00edas sirven para prestar nuestros servicios en funci\u00f3n de los tipos de cookies que utilizamos.<\/p>\n<p><strong>\u00bfQU\u00c9 TIPOS DE COOKIES SE UTILIZAN EN ESTA P\u00c1GINA WEB?<\/strong><\/p>\n<p>Por lo general, existen varias categor\u00edas de cookies en funci\u00f3n de diferentes clasificaciones. En nuestro caso utilizamos las siguientes:<\/p>\n<p><u>EN FUNCI\u00d3N DE SU FINALIDAD<\/u><\/p>\n<ul>\n<li aria-level=\"1\">Cookies t\u00e9cnicas<\/li>\n<\/ul>\n<p>Hacemos uso de cookies t\u00e9cnicas (tanto las propias como las de tercero), las cuales son las que permiten al usuario la navegaci\u00f3n a trav\u00e9s de la p\u00e1gina web, plataforma o aplicaci\u00f3n y la utilizaci\u00f3n de las diferentes opciones o servicios que en ella existan, incluyendo aquellas que el editor utiliza para permitir la gesti\u00f3n y operativa de la p\u00e1gina web y habilitar sus funciones y servicios.<\/p>\n<p>Por lo tanto las cookies t\u00e9cnicas devienen esenciales para disfrutar de los servicios que aqu\u00ed se ofrecen, y ese car\u00e1cter esencial hace que sean necesarias para poder interactuar con esta como usuario, por lo que no es posible rechazarlas si se quiere utilizar la p\u00e1gina web. Dichos servicios son los estrictamente relacionados con el funcionamiento de la p\u00e1gina web y la habilitaci\u00f3n de sus funciones y servicios, y cumplen finalidades como, por ejemplo, controlar el tr\u00e1fico y la comunicaci\u00f3n de datos, identificar la sesi\u00f3n, acceder a partes de acceso restringido, recordar los elementos que integran un pedido, realizar el proceso de compra de un pedido, gestionar el pago, controlar el fraude vinculado a la seguridad del servicio, realizar la solicitud de inscripci\u00f3n o participaci\u00f3n en un evento, contar visitas a efectos de la facturaci\u00f3n de licencias del software con el que funciona el servicio (sitio web, plataforma o aplicaci\u00f3n), utilizar elementos de seguridad durante la navegaci\u00f3n, almacenar contenidos para la difusi\u00f3n de v\u00eddeos o sonido, habilitar contenidos din\u00e1micos o compartir contenidos a trav\u00e9s de redes sociales.<\/p>\n<ul>\n<li aria-level=\"1\">Cookies anal\u00edticas<\/li>\n<\/ul>\n<p>Utilizamos cookies anal\u00edticas, que son aquellas que permiten al responsable de las mismas<\/p>\n<p>el seguimiento y an\u00e1lisis del comportamiento de los usuarios de los sitios web a los que est\u00e1n vinculadas. La informaci\u00f3n recogida mediante este tipo de cookies se utiliza<\/p>\n<p>en la medici\u00f3n de la actividad de los sitios web con el fin de introducir mejoras en funci\u00f3n del an\u00e1lisis de los datos de uso que hacen los usuarios del servicio. Estas, a diferencia de las cookies t\u00e9cnicas, no son necesarias para el funcionamiento de la web, por lo que para su uso se debe obtener un consentimiento informado del usuario.<\/p>\n<ul>\n<li aria-level=\"1\">Cookies de publicidad comportamental:<\/li>\n<\/ul>\n<p>Son aquellas que almacenan informaci\u00f3n del comportamiento de los usuarios obtenida a trav\u00e9s de la observaci\u00f3n continuada de sus h\u00e1bitos de navegaci\u00f3n, lo que permite desarrollar un perfil espec\u00edfico para mostrar publicidad en funci\u00f3n del mismo.<\/p>\n<p><u>EN FUNCI\u00d3N DE LA ENTIDAD QUE LAS GESTIONA<\/u><\/p>\n<ul>\n<li aria-level=\"1\">Propias y de terceros<\/li>\n<\/ul>\n<p>Estas cookies t\u00e9cnicas, anal\u00edticas y de publicidad utilizadas, a su vez se clasifican en funci\u00f3n de su origen (diferenciando entre cookies propias y de terceros):<\/p>\n<ul>\n<li aria-level=\"1\">Cookies propias: son aquellas de las que es responsable el propio editor y que, generalmente, se env\u00edan al equipo terminal del usuario desde un equipo o dominio gestionado por el propio editor y desde el que se presta el servicio solicitado por el usuario.<\/li>\n<li aria-level=\"1\">Cookies de terceros: son aquellas de las que es responsable una entidad distinta del editor y que, generalmente, se env\u00edan al equipo terminal del usuario desde un equipo o dominio que no es gestionado por el editor, sino por otra entidad que trata los datos obtenidos a trav\u00e9s de las cookies.<\/li>\n<\/ul>\n<p>En este sitio web utilizamos de ambos tipos, tanto en el caso de las cookies t\u00e9cnicas como en el caso de las anal\u00edticas como en el caso de las publicitarias. En nuestro caso, las cookies de terceros son gestionadas en concreto por Google Analytics.<\/p>\n<p>Puede consultar m\u00e1s informaci\u00f3n sobre los terceros aqu\u00ed: <a href=\"https:\/\/policies.google.com\/technologies\/cookies?hl=es\">https:\/\/policies.google.com\/technologies\/cookies?hl=es<\/a><\/p>\n<p><a href=\"https:\/\/support.google.com\/analytics\/answer\/12159447?hl=en\">https:\/\/support.google.com\/analytics\/answer\/12159447?hl=en<\/a><\/p>\n<p>La informaci\u00f3n obtenida a trav\u00e9s de las cookies de Google se almacena en servidores de Google, ubicados en Estados Unidos, pa\u00eds cuya legislaci\u00f3n no garantiza un nivel adecuado de protecci\u00f3n de datos a criterio de las autoridades europeas. Al consentir el uso de estas cookies, usted consiente tambi\u00e9n la transferencia internacional de sus datos personales a Google en Estados Unidos. Para optar por no ser rastreado por Google Analytics en todos los sitios web, visite <a href=\"https:\/\/tools.google.com\/dlpage\/gaoptout\">https:\/\/tools.google.com\/dlpage\/gaoptout<\/a><\/p>\n<p><u>EN FUNCI\u00d3N DEL PLAZO DE TIEMPO QUE PERMANECEN EN EL SISTEMA<\/u><\/p>\n<ul>\n<li aria-level=\"1\">De sesi\u00f3n y persistentes:<\/li>\n<\/ul>\n<p>Estas cookies t\u00e9cnicas, anal\u00edticas y publicitarias, tanto propias como de tercero, tambi\u00e9n se clasifican en funci\u00f3n de su duraci\u00f3n de permanencia en el sistema (diferenciando entre cookies de sesi\u00f3n y cookies persistentes):<\/p>\n<ul>\n<li aria-level=\"1\">cookies de sesi\u00f3n: son aquellas dise\u00f1adas para recabar y almacenar datos mientras el usuario accede a una p\u00e1gina web.<\/li>\n<li aria-level=\"1\">cookies persistentes: son aquellas en las que los datos siguen almacenados en el terminal y pueden ser accedidos y tratados durante un periodo definido por el responsable de la cookie, y que puede ir de unos minutos a varios a\u00f1os.<\/li>\n<\/ul>\n<p>En este sitio web utilizamos de ambos tipos.<\/p>\n<p>A continuaci\u00f3n se enumeran las cookies utilizadas, especificando su origen, finalidad y duraci\u00f3n:<\/p>\n<table>\n<tbody>\n<tr>\n<td><b>Cookie<\/b><\/td>\n<td><b>Origen (propia o de tercero)<\/b><\/td>\n<td><b>Datos recabados<\/b><\/td>\n<td><b>Duraci\u00f3n (de sesi\u00f3n o persistente)<\/b><\/td>\n<td><b>Finalidad<\/b><\/td>\n<\/tr>\n<tr>\n<td>AEC<\/td>\n<td>google.com<\/p>\n<p>(de terceros)<\/td>\n<td>Garantizan que las solicitudes dentro de una sesi\u00f3n de navegaci\u00f3n sean realizadas por el usuario y no por otros sitios. Estas cookies impiden que sitios maliciosos act\u00faen en nombre de un usuario sin su conocimiento.<\/td>\n<td>Persistente<\/td>\n<td>T\u00e9cnica<\/td>\n<\/tr>\n<tr>\n<td>APISID<\/td>\n<td>google.com<\/p>\n<p>(de terceros)<\/td>\n<td>Personaliza los anuncios de Google en los sitios web en funci\u00f3n de las b\u00fasquedas e interacciones recientes.<\/td>\n<td>Persistente<\/td>\n<td>Publicitaria<\/td>\n<\/tr>\n<tr>\n<td>HSID<\/td>\n<td>google.com<\/p>\n<p>(de terceros)<\/td>\n<td>Construye un perfil del visitante de la p\u00e1gina web y as\u00ed, le muestra anuncios relevantes en otros sitios. Se usa para prevenir el fraude y tiene una finalidad funcional.<\/td>\n<td>Persistente<\/td>\n<td>Publicitaria<\/td>\n<\/tr>\n<tr>\n<td>NID<\/td>\n<td>google.com<\/p>\n<p>(de terceros)<\/td>\n<td>Se usa para mostrar anuncios de Google en los servicios de Google a usuarios que no tengan la sesi\u00f3n iniciada.<\/td>\n<td>Persistente<\/td>\n<td>Anal\u00edtica<\/td>\n<\/tr>\n<tr>\n<td>PHPSESSID<\/td>\n<td>web.mfar.es<\/p>\n<p>(propia)<\/td>\n<td>Es nativa de PHP y permite a los sitios web almacenar datos de estado serializados. En el sitio web se utiliza para establecer una sesi\u00f3n de usuario y para pasar los datos de estado a trav\u00e9s de una cookie temporal, que se conoce com\u00fanmente como una cookie de sesi\u00f3n.<\/td>\n<td>De sesi\u00f3n<\/td>\n<td>T\u00e9cnica<\/td>\n<\/tr>\n<tr>\n<td>SAPISID<\/td>\n<td>google.com<\/p>\n<p>(de terceros)<\/td>\n<td>Esta cookie de DoubleClick generalmente la establecen los socios publicitarios a trav\u00e9s del sitio y la utilizan para crear un perfil de los intereses del visitante del sitio web y mostrar anuncios relevantes en otros sitios. Esta cookie funciona identificando de forma \u00fanica su navegador y dispositivo.<\/td>\n<td>Persistente<\/td>\n<td>Anal\u00edtica<\/td>\n<\/tr>\n<tr>\n<td>SEARCH_SAMESITE<\/td>\n<td>google.com<\/p>\n<p>(de terceros)<\/td>\n<td>Evita que el navegador env\u00ede esta cookie junto con las solicitudes entre sitios. El objetivo principal es mitigar el riesgo de fuga de informaci\u00f3n de origen cruzado. Tambi\u00e9n proporciona cierta protecci\u00f3n contra ataques de falsificaci\u00f3n de solicitudes entre<\/td>\n<td>Persistente<\/td>\n<td>T\u00e9cnica<\/td>\n<\/tr>\n<tr>\n<td>SID<\/td>\n<td>google.com<\/p>\n<p>(de terceros)<\/td>\n<td>Contienen registros cifrados y firmados de forma digital del ID de cuenta de Google de un usuario y del momento de inicio de sesi\u00f3n m\u00e1s reciente.<\/td>\n<td>Persistente<\/td>\n<td>Anal\u00edtica<\/td>\n<\/tr>\n<tr>\n<td>SIDCC<\/td>\n<td>google.com<\/p>\n<p>(de terceros)<\/td>\n<td>Descargar ciertas herramientas de Google y guardar ciertas preferencias, por ejemplo, el n\u00famero de resultados de la b\u00fasqueda por hoja o la activaci\u00f3n del filtro SafeSearch. Ajusta los anuncios que aparecen en la b\u00fasqueda de Google.<\/td>\n<td>Persistente<\/td>\n<td>Anal\u00edtica<\/td>\n<\/tr>\n<tr>\n<td>SOCS<\/td>\n<td>google.com<\/p>\n<p>(de terceros)<\/td>\n<td>Almacena las elecciones de cookies del usuario.<\/td>\n<td>Persistente<\/td>\n<td>Anal\u00edtica<\/td>\n<\/tr>\n<tr>\n<td>SSID<\/td>\n<td>google.com<\/p>\n<p>(de terceros)<\/td>\n<td>Almacena informaci\u00f3n sobre c\u00f3mo el usuario final utiliza el sitio web y cualquier publicidad que el usuario final pueda haber visto antes de visitar dicha p\u00e1gina web.<\/td>\n<td>Persistente<\/td>\n<td>Anal\u00edtica<\/td>\n<\/tr>\n<tr>\n<td>UULE<\/td>\n<td>google.com<\/p>\n<p>(de terceros)<\/td>\n<td>Env\u00eda informaci\u00f3n de ubicaci\u00f3n precisa desde tu navegador a los servidores de Google para que Google pueda mostrarte resultados relevantes para tu ubicaci\u00f3n.<\/td>\n<td>Persistente<\/td>\n<td>Anal\u00edtica<\/td>\n<\/tr>\n<tr>\n<td>_GRECAPTCHA<\/td>\n<td>google.com<\/p>\n<p>(de terceros)<\/td>\n<td>Esta cookie se utiliza para distinguir entre humanos y bots.<\/td>\n<td>Persistente<\/td>\n<td>T\u00e9cnica<\/td>\n<\/tr>\n<tr>\n<td>__Secure-1PAPISID<\/td>\n<td>google.com<\/p>\n<p>(de terceros)<\/td>\n<td>Cookie necesaria para la utilizaci\u00f3n de las opciones y servicios del<\/p>\n<p>sitio web.<\/td>\n<td>Persistente<\/td>\n<td>T\u00e9cnica<\/td>\n<\/tr>\n<tr>\n<td>__Secure-1PSID<\/td>\n<td>google.com<\/p>\n<p>(de terceros)<\/td>\n<td>Cookie necesaria para la utilizaci\u00f3n de las opciones y servicios del<\/p>\n<p>sitio web.<\/td>\n<td>Persistente<\/td>\n<td>T\u00e9cnica<\/td>\n<\/tr>\n<tr>\n<td>__Secure-1PSIDCC<\/td>\n<td>google.com<\/p>\n<p>(de terceros)<\/td>\n<td>Cookie necesaria para la utilizaci\u00f3n de las opciones y servicios del<\/p>\n<p>sitio web.<\/td>\n<td>Persistente<\/td>\n<td>T\u00e9cnica<\/td>\n<\/tr>\n<tr>\n<td>__Scure-1PSIDTS<\/td>\n<td>google.com<\/p>\n<p>(de terceros)<\/td>\n<td>Estas cookies se utilizan para entregar anuncios m\u00e1s relevantes para usted y sus intereses.<\/td>\n<td>Persistente<\/td>\n<td>T\u00e9cnica<\/td>\n<\/tr>\n<tr>\n<td>__Secure-3PAPISID<\/td>\n<td>google.com<\/p>\n<p>(de terceros)<\/td>\n<td>Estas cookies se utilizan para entregar anuncios m\u00e1s relevantes para usted y sus intereses.<\/td>\n<td>Persistente<\/td>\n<td>T\u00e9cnica<\/td>\n<\/tr>\n<tr>\n<td>__Secure-3PSID<\/td>\n<td>google.com<\/p>\n<p>(de terceros)<\/td>\n<td>Estas cookies se utilizan para entregar anuncios m\u00e1s relevantes para usted y sus intereses.<\/td>\n<td>Persistente<\/td>\n<td>Anal\u00edtica<\/td>\n<\/tr>\n<tr>\n<td>__Secure-3PSIDCC<\/td>\n<td>google.com<\/p>\n<p>(de terceros)<\/td>\n<td>Cookie necesaria para la utilizaci\u00f3n de las opciones y servicios del sitio web.<\/td>\n<td>Persistente<\/td>\n<td>T\u00e9cnica<\/td>\n<\/tr>\n<tr>\n<td>__Secure-3PSIDTS<\/td>\n<td>google.com<\/p>\n<p>(de terceros)<\/td>\n<td>Cookie necesaria para la utilizaci\u00f3n de las opciones y servicios del sitio web.<\/td>\n<td>Persistente<\/td>\n<td>Anal\u00edtica<\/td>\n<\/tr>\n<tr>\n<td>moove_gdpr_popup<\/td>\n<td>web.mfar.es<\/p>\n<p>(propia)<\/td>\n<td>Controla la aceptaci\u00f3n o bloqueo de los scripts de las cookies no funcionales de terceros.<\/td>\n<td>Persistente<\/td>\n<td>T\u00e9cnica<\/td>\n<\/tr>\n<tr>\n<td>pll_language<\/td>\n<td>web.mfar.es<\/p>\n<p>(propia)<\/td>\n<td>Para recordar el idioma seleccionado por el usuario cuando regresa al sitio web, y tambi\u00e9n para obtener la informaci\u00f3n del idioma cuando no est\u00e1 disponible de otra manera.<\/td>\n<td>Persistente<\/td>\n<td>T\u00e9cnica<\/td>\n<\/tr>\n<\/tbody>\n<\/table>\n<p><strong>CONSENTIMIENTO DEL USUARIO Y BLOQUEO DE COOKIES<\/strong><\/p>\n<p>En cuanto al uso de las cookies, las cookies t\u00e9cnicas no requieren el consentimiento del usuario, ya que son esenciales para la navegaci\u00f3n por la p\u00e1gina web. En cambio, aquellas que son anal\u00edticas o publicitarias s\u00ed requieren un consentimiento expreso. Por ello, el usuario tiene la posibilidad de aceptar todas las cookies o, por el contrario, modular su consentimiento rechazando las cookies anal\u00edticas y\/o publicitarias (en cambio las cookies t\u00e9cnicas siempre se van a mantener operativas por su car\u00e1cter necesario y no se puede prescindir de ellas, por lo que la navegaci\u00f3n a trav\u00e9s del sitio web activa su funcionamiento sin necesidad de consentimiento expreso del usuario).<\/p>\n<p>De igual forma, el usuario puede permitir, bloquear o eliminar las cookies instaladas en su equipo mediante la configuraci\u00f3n de las opciones del navegador instalado en su dispositivo:<\/p>\n<ul>\n<li aria-level=\"1\">Microsoft Internet Explorer o Microsoft Edge: <a href=\"https:\/\/support.microsoft.com\/es-es\/topic\/c%C3%B3mo-eliminar-archivos-de-cookies-en-internet-explorer-bca9446f-d873-78de-77ba-d42645fa52fc\">https:\/\/support.microsoft.com\/es-es\/topic\/c%C3%B3mo-eliminar-archivos-de-cookies-en-internet-explorer-bca9446f-d873-78de-77ba-d42645fa52fc<\/a><\/li>\n<\/ul>\n<ul>\n<li aria-level=\"1\">Mozilla Firefox: <a href=\"https:\/\/support.mozilla.org\/es\/kb\/cookies-informacion-que-los-sitios-web-guardan-en-?redirectlocale=en-US&amp;redirectslug=Cookies\">https:\/\/support.mozilla.org\/es\/kb\/cookies-informacion-que-los-sitios-web-guardan-en-?redirectlocale=en-US&amp;redirectslug=Cookies<\/a><\/li>\n<\/ul>\n<ul>\n<li aria-level=\"1\">Internet Explorer: <a href=\"https:\/\/support.microsoft.com\/es-es\/topic\/c%C3%B3mo-eliminar-archivos-de-cookies-en-internet-explorer-bca9446f-d873-78de-77ba-d42645fa52fc\">https:\/\/support.microsoft.com\/es-es\/topic\/c%C3%B3mo-eliminar-archivos-de-cookies-en-internet-explorer-bca9446f-d873-78de-77ba-d42645fa52fc<\/a><\/li>\n<\/ul>\n<ul>\n<li aria-level=\"1\">Chrome: <a href=\"https:\/\/support.google.com\/chrome\/answer\/95647?hl=es\">https:\/\/support.google.com\/chrome\/answer\/95647?hl=es<\/a><\/li>\n<\/ul>\n<ul>\n<li aria-level=\"1\">Safari: <a href=\"https:\/\/support.apple.com\/es-es\/105082\">https:\/\/support.apple.com\/es-es\/105082<\/a><\/li>\n<\/ul>\n<ul>\n<li aria-level=\"1\">Opera: <a href=\"https:\/\/help.opera.com\/en\/latest\/web-preferences\/\">https:\/\/help.opera.com\/en\/latest\/web-preferences\/<\/a><\/li>\n<\/ul>\n<p>Para el resto de informaci\u00f3n sobre datos personales exigida por la normativa aplicable puede consultar nuestra Pol\u00edtica de Privacidad.<\/p>\n<p>El responsable del tratamiento de datos personales es MFAR, con domicilio social en Balmes 243, Escalera A 5\u00ba1\u00aa &#8211; &#8211; 08006 Barcelona. Para m\u00e1s informaci\u00f3n o consultas, o para ejercer sus derechos de acceso, rectificaci\u00f3n, supresi\u00f3n, oposici\u00f3n, limitaci\u00f3n y portabilidad, puede ponerse en contacto con nosotros a trav\u00e9s de legal@mfar.es. Puede obtener m\u00e1s informaci\u00f3n sobre el responsable y sobre el tratamiento de datos en nuestra Pol\u00edtica de Privacidad.<\/p>\n<p>En caso de considerar vulnerado su derecho a la protecci\u00f3n de datos, el usuario podr\u00e1 presentar una reclamaci\u00f3n ante la Agencia Espa\u00f1ola de Protecci\u00f3n de Datos (<a href=\"http:\/\/www.aepd.es\">www.aepd.es<\/a>).<\/p>\n<\/div><\/section><\/p><\/div>\n","protected":false},"excerpt":{"rendered":"","protected":false},"author":1,"featured_media":0,"parent":0,"menu_order":0,"comment_status":"closed","ping_status":"closed","template":"","meta":{"footnotes":""},"class_list":["post-4201","page","type-page","status-publish","hentry"],"_links":{"self":[{"href":"https:\/\/web.mfar.es\/web\/wp-json\/wp\/v2\/pages\/4201","targetHints":{"allow":["GET"]}}],"collection":[{"href":"https:\/\/web.mfar.es\/web\/wp-json\/wp\/v2\/pages"}],"about":[{"href":"https:\/\/web.mfar.es\/web\/wp-json\/wp\/v2\/types\/page"}],"author":[{"embeddable":true,"href":"https:\/\/web.mfar.es\/web\/wp-json\/wp\/v2\/users\/1"}],"replies":[{"embeddable":true,"href":"https:\/\/web.mfar.es\/web\/wp-json\/wp\/v2\/comments?post=4201"}],"version-history":[{"count":5,"href":"https:\/\/web.mfar.es\/web\/wp-json\/wp\/v2\/pages\/4201\/revisions"}],"predecessor-version":[{"id":4871,"href":"https:\/\/web.mfar.es\/web\/wp-json\/wp\/v2\/pages\/4201\/revisions\/4871"}],"wp:attachment":[{"href":"https:\/\/web.mfar.es\/web\/wp-json\/wp\/v2\/media?parent=4201"}],"curies":[{"name":"wp","href":"https:\/\/api.w.org\/{rel}","templated":true}]}}