{"id":4207,"date":"2019-12-24T10:08:50","date_gmt":"2019-12-24T10:08:50","guid":{"rendered":"https:\/\/web.mfar.es\/web\/?page_id=4207"},"modified":"2024-08-27T09:24:06","modified_gmt":"2024-08-27T09:24:06","slug":"aviso-legal","status":"publish","type":"page","link":"https:\/\/web.mfar.es\/web\/es\/aviso-legal\/","title":{"rendered":"Aviso Legal"},"content":{"rendered":"\n<style type=\"text\/css\" data-created_by=\"avia_inline_auto\" id=\"style-css-av-6fzutr-c2d17fb771bb260a2a0736f23d425aa5\">\n.flex_column.av-6fzutr-c2d17fb771bb260a2a0736f23d425aa5{\nborder-radius:0px 0px 0px 0px;\n-webkit-border-radius:0px 0px 0px 0px;\n-moz-border-radius:0px 0px 0px 0px;\n}\n<\/style>\n<div class='flex_column av-6fzutr-c2d17fb771bb260a2a0736f23d425aa5 av_one_full  avia-builder-el-0  avia-builder-el-no-sibling  first flex_column_div av-zero-column-padding '   ><p>\n<style type=\"text\/css\" data-created_by=\"avia_inline_auto\" id=\"style-css-av-3pd6r3-2596bd180eba115566be4d7740d290df\">\n#top .av-special-heading.av-3pd6r3-2596bd180eba115566be4d7740d290df{\npadding-bottom:10px;\n}\nbody .av-special-heading.av-3pd6r3-2596bd180eba115566be4d7740d290df .av-special-heading-tag .heading-char{\nfont-size:25px;\n}\n.av-special-heading.av-3pd6r3-2596bd180eba115566be4d7740d290df .av-subheading{\nfont-size:15px;\n}\n<\/style>\n<div  class='av-special-heading av-3pd6r3-2596bd180eba115566be4d7740d290df av-special-heading-h3  avia-builder-el-1  el_before_av_textblock  avia-builder-el-first '><h3 class='av-special-heading-tag'  itemprop=\"headline\"  >Aviso Legal y Condiciones de Uso<\/h3><div class=\"special-heading-border\"><div class=\"special-heading-inner-border\"><\/div><\/div><\/div><br \/>\n<section  class='av_textblock_section av-2uii6n-a58e3fbfdc67b2543a0a2086def27889'  itemscope=\"itemscope\" itemtype=\"https:\/\/schema.org\/CreativeWork\" ><div class='avia_textblock'  itemprop=\"text\" ><ol>\n<li style=\"list-style-type: none;\">\n<ol>\n<li aria-level=\"1\"><strong>Introducci\u00f3n<\/strong><\/li>\n<\/ol>\n<\/li>\n<\/ol>\n<p>El presente Aviso Legal (en adelante, el \u201cAviso Legal\u201d o el \u201cAviso\u201d) contiene t\u00e9rminos y condiciones de uso que vinculan a cualquier persona que utiliza y\/o navega (en adelante, el \u201cUsuario\u201d) en el sitio web web.mfar.es (en adelante, el \u201cSitio Web\u201d\u00a0 la \u201cWeb\u201d).<\/p>\n<p>MFAR (en adelante, el \u201cPrestador\u201d o \u201cMFAR\u201d) es titular de todos los derechos sobre el Sitio Web, y en base a ello establece las presentes condiciones de uso a los usuarios de \u00e9sta, y les proporciona la informaci\u00f3n necesaria relativa a las bases legales del funcionamiento de la web. En base a ello, solicitamos al Usuario haber le\u00eddo y comprendido el contenido del presente Aviso. La navegaci\u00f3n e interacci\u00f3n con los elementos de este Sitio Web, totalmente voluntaria, implica la aceptaci\u00f3n de las condiciones de uso y la comprensi\u00f3n del presente Aviso en general conforme las buenas costumbres y a las exigencias de la buena fe. En caso de no entender una parte o todo el contenido de este, el Usuario puede realizar consultas a MFAR dirigi\u00e9ndose a la siguiente direcci\u00f3n de correo electr\u00f3nico: legal@mfar.org. En caso de no estar de acuerdo con todo o parte del contenido del Aviso, el Usuario deber\u00e1 abstenerse de utilizar el Sitio Web.<\/p>\n<ol>\n<li style=\"list-style-type: none;\">\n<ol>\n<li aria-level=\"1\"><strong>Objeto<\/strong><\/li>\n<\/ol>\n<\/li>\n<\/ol>\n<p>El Sitio Web se encuentra dise\u00f1ado y articulado \u00fanicamente con finalidades informativas y did\u00e1cticas, tanto en su \u00e1rea com\u00fan y p\u00fablica para la que cualquier usuario tiene acceso como, en su caso, en su \u00e1rea privada a la que se puede acceder tras la creaci\u00f3n de un perfil de miembro y su correspondiente inicio de sesi\u00f3n, que incluye contenido exclusivo para miembros. En este sentido y con \u00e1nimo de garantizar dichas prestaciones y funcionamiento por parte del Sitio Web se publica el presente Aviso, que trata de informar al Usuario de los t\u00e9rminos legales sobre los que se articula el Sitio Web y los requisitos y condiciones que deben cumplir los Usuarios para poder disfrutar de este. MFAR se reserva el derecho a modificar el presente Aviso, as\u00ed como el resto de contenidos y documentos de la misma \u00edndole relativos al funcionamiento del Sitio Web.<\/p>\n<p>En el Sitio Web podr\u00edan incluirse enlaces a otras p\u00e1ginas (hiperv\u00ednculos) de terceros. Estas p\u00e1ginas no son gestionadas por el Prestador, por lo que el Prestador no tiene el control sobre el contenido de dichas p\u00e1ginas web. Dichos enlaces provienen de otras fuentes de informaci\u00f3n, no suponiendo su inclusi\u00f3n ninguna recomendaci\u00f3n, invitaci\u00f3n o sugerencia para la visita de dichas p\u00e1ginas de destino, y por lo tanto, el Prestador declina toda responsabilidad que pudiese surgir al acceder a las p\u00e1ginas de terceros. De la misma manera, el Aviso no se aplicar\u00e1 a dichos sitios web de terceros cuyo link pueda aparecer en el Sitio Web.<\/p>\n<ol>\n<li style=\"list-style-type: none;\">\n<ol>\n<li aria-level=\"1\"><strong>Condiciones de uso del Usuario<\/strong><\/li>\n<\/ol>\n<\/li>\n<\/ol>\n<p>El Usuario se compromete a cumplir con lo establecido en el Aviso y a la legislaci\u00f3n vigente, conforme a las buenas costumbres y a las exigencias de la buena fe. El Prestador se reserva el derecho a retirar el acceso al presente Sitio Web, sin necesidad de previo aviso, a cualquier Usuario que contravenga lo dispuesto en las condiciones de uso integradas en este Aviso.<\/p>\n<p><u>3.1 Veracidad<\/u><\/p>\n<p>En especial, el Usuario se compromete a aportar datos ver\u00eddicos en los casos en los que se comprometa y consienta a aportarlos. El Prestador se reserva el derecho a denegar el acceso al Sitio Web al Usuario que aporte datos falsos, inexactos o insuficientes, as\u00ed como a eliminar las cuentas creadas por el Usuario si estas han sido creadas mediante el uso de datos de la misma condici\u00f3n. El Usuario es responsable de los datos que aporta, y por consiguiente de los da\u00f1os y perjuicios que pudiera provocar con su aportaci\u00f3n.<\/p>\n<p><u>3.2 Uso correcto<\/u><\/p>\n<p>El Usuario se compromete a utilizar la Web de conformidad a la Ley y al presente Aviso Legal, as\u00ed como a la moral y a buenas costumbres, de forma que se abstendr\u00e1 de realizar mediante su uso actos il\u00edcitos o ilegales que puedan lesionar intereses o derechos de terceros o de MFAR. En especial, el Usuario se compromete a no difundir informaci\u00f3n que pueda ser contraria a la legislaci\u00f3n vigente o que incite o promueva actitudes lesivas hacia esta, en especial actitudes denigrantes, discriminatorias, delictivas o contrarias al honor o intimidad de las personas, as\u00ed como al buen funcionamiento del mercado y de la competencia.<\/p>\n<p>Junto a ello el Usuario se compromete a no realizar actuaciones que puedan producir alg\u00fan tipo de da\u00f1o a los sistemas del Prestador o a terceros en el Sitio Web, o a trav\u00e9s de la misma y\/o por cualquier medio, as\u00ed como a no da\u00f1ar el sistema del Sitio Web mediante la introducci\u00f3n de programas, datos, virus o cualquier dispositivo que pueda da\u00f1ar su buen funcionamiento, y a no atentar contra los derechos de propiedad intelectual u otros derechos de propiedad con los que cuenta el Prestador sobre el Sitio Web.<\/p>\n<ol>\n<li style=\"list-style-type: none;\">\n<ol>\n<li aria-level=\"1\"><strong>Responsabilidades<\/strong><\/li>\n<\/ol>\n<\/li>\n<\/ol>\n<p>El Prestador se compromete a realizar sus mejores esfuerzos para proporcionar un correcto funcionamiento del Sitio Web y llevar a cabo medidas efectivas para reforzar la seguridad de los Usuarios y evitar al m\u00e1ximo los da\u00f1os derivados de su uso. El Prestador tratar\u00e1 de garantizar al m\u00e1ximo la protecci\u00f3n del Usuario frente a los da\u00f1os y perjuicios que pueda sufrir derivados de lesiones o alteraciones inform\u00e1ticas o electr\u00f3nicas, tales como virus o malwares, pero todo y as\u00ed su ausencia no es garantizable, por lo que el Prestador no se hace responsable de los perjuicios que el Usuario pueda sufrir como resultado de su navegaci\u00f3n por el Sitio Web que hayan sido causadas por motivos ajenos y no imputables al Prestador. De la misma forma, no se hace responsable del mal funcionamiento y de los da\u00f1os que puedan ocasionar terceros sitios web a los que el presente Sitio Web pueda redirigir o citar si no son responsabilidad del Prestador. De todas formas, el Prestador manifiesta que proceder\u00e1 a la retirada inmediata de cualquier contenido del Sitio Web que sea perjudicial y\/o contrario a la legislaci\u00f3n vigente, a la moral o a las buenas costumbres. El Prestador se compromete a retirar los contenidos que pudieran afectar o contravenir la legislaci\u00f3n aplicable.<\/p>\n<p>El Prestador tampoco se hace responsable del uso que el Usuario haga del Sitio Web si este se realiza inobservando o incumpliendo lo establecido en el presente Aviso o en la normativa aplicable.<\/p>\n<p>El presente Sitio Web ha sido dise\u00f1ado y revisado peri\u00f3dicamente por profesionales, por lo que puede pr\u00e1cticamente garantizarse su buen funcionamiento, pero la impredecibilidad de este hace que sea imposible garantizarse totalmente. Por ello, el Prestador no descarta la posibilidad de fallos o errores en el sistema que no permitan su utilizaci\u00f3n de forma id\u00f3nea, y por ello no se hace responsable en caso de que el acceso al Sitio Web se dificultara debido a errores o prestaciones defectuosas del suministro el\u00e9ctrico, telef\u00f3nico o de otros proveedores de telecomunicaciones ajenos al Prestador, o en el caso de producirse conflictos sociales u otros supuestos de fuerza mayor, o cualquier actuaci\u00f3n de un tercero, incluidos los requerimientos u \u00f3rdenes administrativas o judiciales, sabotajes o saturaciones, intencionadas o no. El Prestador declina igualmente toda responsabilidad derivada de los da\u00f1os y perjuicios que pudiera sufrir el Usuario en sus dispositivos inform\u00e1ticos fruto de los hechos anteriormente expuestos.<\/p>\n<ol>\n<li style=\"list-style-type: none;\">\n<ol>\n<li aria-level=\"1\"><strong>Propiedad Intelectual e Industrial<\/strong><\/li>\n<\/ol>\n<\/li>\n<\/ol>\n<p>Todos los derechos de Propiedad Intelectual e Industrial de la informaci\u00f3n contenida en el Sitio Web son propiedad del Prestador o salvo en lo mencionado en el apartado \u201cObjeto\u201d\u00a0 referente a hiperv\u00ednculos u otras referencias a terceros. El Prestador es titular de todos los elementos susceptibles de utilizaci\u00f3n industrial y\/o comercial que integran el Sitio Web, entre otros el dise\u00f1o gr\u00e1fico de la p\u00e1gina, los men\u00fas, botones de navegaci\u00f3n, el c\u00f3digo HTML, los textos, marcas, logotipos, im\u00e1genes, texturas, gr\u00e1ficos y cualquier otro elemento y\/o contenido o, en su caso, dispone de la correspondiente autorizaci\u00f3n para la utilizaci\u00f3n de dichos elementos y\/o componentes. La reproducci\u00f3n total o parcial, uso, explotaci\u00f3n, distribuci\u00f3n y comercializaci\u00f3n, requiere en todo caso de la autorizaci\u00f3n escrita previa por parte del Prestador. Cualquier uso no autorizado previamente por parte del Prestador ser\u00e1 considerado un incumplimiento grave de los derechos de propiedad intelectual o industrial del autor. Mediante estas Condiciones de Uso no se cede ning\u00fan derecho de propiedad intelectual o industrial sobre los elementos del Sitio Web.<\/p>\n<p>En ning\u00fan caso se entender\u00e1 que se concede licencia alguna o se efect\u00faa renuncia, transmisi\u00f3n, cesi\u00f3n total o parcial de derechos de propiedad industrial y\/o intelectual ni se confiere ning\u00fan tipo de derecho al Usuario, y en especial, de alteraci\u00f3n, explotaci\u00f3n, reproducci\u00f3n, distribuci\u00f3n o comunicaci\u00f3n p\u00fablica sobre dichos contenidos sin la previa autorizaci\u00f3n expresa por escrito del Prestador o de los titulares correspondientes. En consecuencia, el Usuario no podr\u00e1 reproducir, transformar, modificar, desensamblar, realizar ingenier\u00eda inversa, distribuir, alquilar, prestar, poner a disposici\u00f3n o permitir el acceso al p\u00fablico a trav\u00e9s de cualquier modalidad de comunicaci\u00f3n p\u00fablica de ninguno de los elementos contenidos en el Sitio Web susceptibles de utilizaci\u00f3n industrial y\/o comercial, salvo en los casos que est\u00e9 legalmente permitido o sea autorizado de forma expresa y por escrito por el Prestador.<\/p>\n<p>Los dise\u00f1os, logotipos, texto y\/o gr\u00e1ficos ajenos al prestador y que pudieran aparecer en el sitio web, pertenecen a sus respectivos propietarios, siendo ellos mismos responsables de cualquier posible controversia que pudiera suscitarse respecto a los mismos. En todo caso, el prestador cuenta con la autorizaci\u00f3n expresa y previa por parte de los mismos.<\/p>\n<p>El Prestador autoriza el establecimiento de enlaces entre otras webs y el Sitio Web de su propiedad, siempre que se respeten las siguientes condiciones:<\/p>\n<ol>\n<li style=\"list-style-type: none;\">\n<ol>\n<li style=\"list-style-type: none;\">\n<ul>\n<li aria-level=\"1\">Que se comunique previamente al Prestador el establecimiento del enlace entre la tercera p\u00e1gina web y el Sitio Web, y a su vez, el Prestador autorice por escrito a la tercera p\u00e1gina web dicho establecimiento.<\/li>\n<li aria-level=\"1\">Que el enlace no se establezca desde una web cuyos contenidos resulten contrarios a la Ley, a la moral y al orden p\u00fablico;<\/li>\n<li aria-level=\"1\">Que no se ofrezca una imagen del Prestador o de sus productos, servicios y\/o actividades que resulte distorsionada, perjudicial, o equivocada;<\/li>\n<li aria-level=\"1\">Que no se cree la impresi\u00f3n de que concurre una inexistente relaci\u00f3n o vinculaci\u00f3n comercial entre el Prestador y los titulares, responsables o anunciantes de la web o entidad desde que se crea el enlace, cuando \u00e9ste no sea el caso;<\/li>\n<li aria-level=\"1\">Que no se cree la impresi\u00f3n de que el Sitio Web del Prestador y\/o sus elementos y\/o sus contenidos pertenecen o han sido dise\u00f1ados por los titulares, responsables o anunciantes en la p\u00e1gina web desde la que se establece el enlace.<\/li>\n<\/ul>\n<\/li>\n<li aria-level=\"1\"><strong>Protecci\u00f3n de datos<\/strong><\/li>\n<\/ol>\n<\/li>\n<\/ol>\n<p>El Prestador utilizar\u00e1 los datos del Usuario necesarios para el funcionamiento de la web y las prestaciones que \u00e9l mismo haya solicitado, siempre limitado a lo que establezca la normativa vigente y a las finalidades en base a las cuales el Usuario los transmiti\u00f3. Para m\u00e1s informaci\u00f3n puede leer nuestra Pol\u00edtica de Privacidad.<\/p>\n<p>Este sitio web utiliza cookies. Para m\u00e1s informaci\u00f3n puede leer nuestra Pol\u00edtica de Cookies.<\/p>\n<ol>\n<li style=\"list-style-type: none;\">\n<ol>\n<li aria-level=\"1\"><strong>Condiciones de informaci\u00f3n y contacto<\/strong><\/li>\n<\/ol>\n<\/li>\n<\/ol>\n<p>En cumplimiento con lo dispuesto en la Ley 34\/2002, de 11 de julio, de Servicios de la Sociedad de la Informaci\u00f3n y de Comercio Electr\u00f3nico, el Prestador pone a disposici\u00f3n a trav\u00e9s del Sitio Web, de forma permanente, f\u00e1cil, directa y gratuita, los siguientes datos identificativos de la empresa:<\/p>\n<ol>\n<li style=\"list-style-type: none;\">\n<ol>\n<li style=\"list-style-type: none;\">\n<ul>\n<li aria-level=\"1\">Denominaci\u00f3n Social: Marketing Farmac\u00e9utico &amp; Investigaci\u00f3n Cl\u00ednica, S.L. (el \u201cPrestador\u201d o \u201cMFAR\u201d)<\/li>\n<li aria-level=\"1\">NIF: B64093602<\/li>\n<li aria-level=\"1\">Domicilio Social: Balmes 243, Escalera A 5\u00ba1\u00aa &#8211; &#8211; 08006 Barcelona<\/li>\n<li aria-level=\"1\">Direcci\u00f3n de correo electr\u00f3nico: legal@mfar.es<\/li>\n<li aria-level=\"1\">Datos registrales: Registro Mercantil de Barcelona, tomo 38275, folio 146, hoja B 319967, inscripci\u00f3n 1.<\/li>\n<\/ul>\n<\/li>\n<\/ol>\n<\/li>\n<\/ol>\n<p>Para cualquier comunicaci\u00f3n entre el Prestador y el Usuario puede dirigirse a la direcci\u00f3n de correo electr\u00f3nico expresada anteriormente.<\/p>\n<ol>\n<li style=\"list-style-type: none;\">\n<ol>\n<li aria-level=\"1\"><strong>Legislaci\u00f3n<\/strong><\/li>\n<\/ol>\n<\/li>\n<\/ol>\n<p>El acceso al Sitio Web implica la aceptaci\u00f3n por el Usuario de lo dispuesto en el Aviso. Cualquier controversia relativa al mismo se regir\u00e1 por la legislaci\u00f3n com\u00fan espa\u00f1ola, y se someter\u00e1 a los Juzgados y Tribunales de la ciudad de Barcelona (Espa\u00f1a).<\/p>\n<\/div><\/section><\/p><\/div>\n","protected":false},"excerpt":{"rendered":"","protected":false},"author":1,"featured_media":0,"parent":0,"menu_order":0,"comment_status":"closed","ping_status":"closed","template":"","meta":{"footnotes":""},"class_list":["post-4207","page","type-page","status-publish","hentry"],"_links":{"self":[{"href":"https:\/\/web.mfar.es\/web\/wp-json\/wp\/v2\/pages\/4207","targetHints":{"allow":["GET"]}}],"collection":[{"href":"https:\/\/web.mfar.es\/web\/wp-json\/wp\/v2\/pages"}],"about":[{"href":"https:\/\/web.mfar.es\/web\/wp-json\/wp\/v2\/types\/page"}],"author":[{"embeddable":true,"href":"https:\/\/web.mfar.es\/web\/wp-json\/wp\/v2\/users\/1"}],"replies":[{"embeddable":true,"href":"https:\/\/web.mfar.es\/web\/wp-json\/wp\/v2\/comments?post=4207"}],"version-history":[{"count":8,"href":"https:\/\/web.mfar.es\/web\/wp-json\/wp\/v2\/pages\/4207\/revisions"}],"predecessor-version":[{"id":4862,"href":"https:\/\/web.mfar.es\/web\/wp-json\/wp\/v2\/pages\/4207\/revisions\/4862"}],"wp:attachment":[{"href":"https:\/\/web.mfar.es\/web\/wp-json\/wp\/v2\/media?parent=4207"}],"curies":[{"name":"wp","href":"https:\/\/api.w.org\/{rel}","templated":true}]}}