{"id":4215,"date":"2019-12-24T13:59:49","date_gmt":"2019-12-24T13:59:49","guid":{"rendered":"https:\/\/web.mfar.es\/web\/?page_id=4215"},"modified":"2024-08-27T10:12:53","modified_gmt":"2024-08-27T10:12:53","slug":"privacidad","status":"publish","type":"page","link":"https:\/\/web.mfar.es\/web\/es\/privacidad\/","title":{"rendered":"Privacidad"},"content":{"rendered":"\n<style type=\"text\/css\" data-created_by=\"avia_inline_auto\" id=\"style-css-av-17u72rb-73bb841492f781d00eb347303b16ae9f\">\n.flex_column.av-17u72rb-73bb841492f781d00eb347303b16ae9f{\nborder-radius:0px 0px 0px 0px;\n-webkit-border-radius:0px 0px 0px 0px;\n-moz-border-radius:0px 0px 0px 0px;\n}\n<\/style>\n<div class='flex_column av-17u72rb-73bb841492f781d00eb347303b16ae9f av_one_full  avia-builder-el-0  el_before_av_one_full  avia-builder-el-first  first flex_column_div av-zero-column-padding '   ><p>\n<style type=\"text\/css\" data-created_by=\"avia_inline_auto\" id=\"style-css-av-47x1yv-37d0ab44710f9d9f3746d9454af379bb\">\n#top .av-special-heading.av-47x1yv-37d0ab44710f9d9f3746d9454af379bb{\npadding-bottom:10px;\n}\nbody .av-special-heading.av-47x1yv-37d0ab44710f9d9f3746d9454af379bb .av-special-heading-tag .heading-char{\nfont-size:25px;\n}\n.av-special-heading.av-47x1yv-37d0ab44710f9d9f3746d9454af379bb .av-subheading{\nfont-size:15px;\n}\n<\/style>\n<div  class='av-special-heading av-47x1yv-37d0ab44710f9d9f3746d9454af379bb av-special-heading-h3  avia-builder-el-1  el_before_av_textblock  avia-builder-el-first '><h3 class='av-special-heading-tag'  itemprop=\"headline\"  >Pol\u00edtica de privacidad<\/h3><div class=\"special-heading-border\"><div class=\"special-heading-inner-border\"><\/div><\/div><\/div><br \/>\n<section  class='av_textblock_section av-zivm3b-a2e36b4eb30c9f0860e826bd79be3615'  itemscope=\"itemscope\" itemtype=\"https:\/\/schema.org\/CreativeWork\" ><div class='avia_textblock'  itemprop=\"text\" ><p>La presente Pol\u00edtica de Privacidad (en adelante, la \u201cPol\u00edtica\u201d) vincula a cualquier persona que utiliza y\/o navega (en adelante, el \u201cUsuario\u201d) en el sitio web www.web.mfar.es (en adelante, el \u201cSitio Web\u201d o la \u201cWeb\u201d). La mera utilizaci\u00f3n del Sitio Web, absolutamente voluntaria, supone la plena aceptaci\u00f3n de esta Pol\u00edtica de Privacidad, por lo que el Usuario la deber\u00e1 leer detenidamente antes de realizar cualquier tipo de operaci\u00f3n, visionado, utilizaci\u00f3n, etc. con este Sitio Web.<\/p>\n<p>Al utilizar el presente Sitio Web y al comunicarse electr\u00f3nicamente con MFAR (el \u201cPrestador\u201do \u201cMFAR\u201d) se podr\u00e1n recoger y tratar datos personales de los usuarios. MFAR reconoce la importancia de la privacidad de la informaci\u00f3n recopilada acerca de los usuarios que visitan nuestra web, y es por ello que nos comprometemos a respetar su privacidad.<\/p>\n<p>Para todo ello, MFAR quiere garantizar al Usuario que utilizamos la informaci\u00f3n que recibimos siempre limitada a su compatibilidad con los fines por los cuales fue proporcionada, y a trav\u00e9s de esta Pol\u00edtica se trata de acercar al Usuario la informaci\u00f3n necesaria para que pueda comprender c\u00f3mo funciona el trato de su informaci\u00f3n por nuestra parte. Esta pol\u00edtica de privacidad cumple con el Reglamento General de Protecci\u00f3n de Datos y la Ley 34\/2002, de 11 de julio, de servicios de la sociedad de la informaci\u00f3n y de comercio electr\u00f3nico, as\u00ed como con el resto de la normativa espa\u00f1ola vigente que le sea de aplicaci\u00f3n.<\/p>\n<p><strong>Responsable del tratamiento de datos<\/strong><\/p>\n<p>Los datos de car\u00e1cter personal que se pudieran recabar del Usuario ser\u00e1n obtenidos y tratados por MFAR:<\/p>\n<ul>\n<li aria-level=\"1\">Denominaci\u00f3n social: Marketing Farmac\u00e9utico &amp; Investigaci\u00f3n Cl\u00ednica, S.L.<\/li>\n<li aria-level=\"1\">NIF: B64093602<\/li>\n<li aria-level=\"1\">Domicilio Social: Balmes 243, Escalera A 5\u00ba1\u00aa &#8211; 08006 Barcelona<\/li>\n<li aria-level=\"1\">Direcci\u00f3n de correo electr\u00f3nico: mfar@mfar.es<\/li>\n<li aria-level=\"1\">Datos registrales: Registro Mercantil de Barcelona, tomo 38275, folio 146, hoja B 319967, inscripci\u00f3n 1<\/li>\n<\/ul>\n<p><strong>Datos personales que se recogen:<\/strong><\/p>\n<ul>\n<li aria-level=\"1\">Cookies: utilizamos cookies, una tecnolog\u00eda que consiste en el almacenamiento y recuperaci\u00f3n de datos en el equipo terminal de un Usuario con la finalidad de almacenar informaci\u00f3n y recuperar la informaci\u00f3n ya almacenada. Puede obtener m\u00e1s informaci\u00f3n sobre ello en nuestra Pol\u00edtica de Cookies.<\/li>\n<li aria-level=\"1\">Direcci\u00f3n IP: recopilamos la Direcci\u00f3n IP de su dispositivo. Esta consiste en una direcci\u00f3n \u00fanica que identifica a un dispositivo en Internet o una red local en un momento concreto.<\/li>\n<\/ul>\n<p>Ambos son datos personales recogidos de forma autom\u00e1tica, pero ninguno de estos datos permite averiguar la identidad del Usuario de forma autom\u00e1tica salvo que este la brinde voluntariamente por otros medios. La recopilaci\u00f3n de datos identificativos en nuestro caso depende siempre de su aportaci\u00f3n por el Usuario, en los casos siguientes:<\/p>\n<ul>\n<li aria-level=\"1\">Creaci\u00f3n de cuentas de miembro: en los casos en los que el Usuario desee hacerse miembro y darse de alta en la p\u00e1gina web mediante la creaci\u00f3n de una cuenta propia, deber\u00e1 aportar como requisito necesario cierta informaci\u00f3n personal identificativa, pero s\u00f3lo cuando el Usuario de forma voluntaria quiera crear dicha cuenta y por tanto aporte los datos. Dichos datos ser\u00e1n los exclusivamente necesarios para identificar al Usuario en su nueva cuenta que le identifique como miembro.<\/li>\n<li aria-level=\"1\">Comunicaciones: de la misma forma, aquellas personas que visitan nuestra web pueden, si as\u00ed lo desean, ponerse en contacto con nosotros dirigi\u00e9ndose a la direcci\u00f3n de correo electr\u00f3nico indicada anteriormente, y MFAR podr\u00e1 utilizar los datos de contacto que se proporcione en estos correos para responder a sus solicitudes.<\/li>\n<\/ul>\n<p>En caso de que el Usuario aporte datos de terceros, manifiesta contar con el consentimiento de los mismos o con legitimaci\u00f3n suficiente y se compromete a trasladar al titular de dichos datos la informaci\u00f3n contenida en la Pol\u00edtica de Privacidad, eximiendo a MFAR de cualquier responsabilidad en este sentido.<\/p>\n<p><strong>Finalidades<\/strong><\/p>\n<p>Los datos personales recogidos de cada Usuario se tratan con la finalidad de asegurar el funcionamiento de los servicios que presta la web, la gesti\u00f3n de su uso y la aportaci\u00f3n de mejoras en su funcionamiento (mediante ciertos tipos de cookies y la obtenci\u00f3n de la Direcci\u00f3n IP), el mantenimiento de la relaci\u00f3n entre MFAR y el Usuario y la aportaci\u00f3n de servicios solicitados y consentidos por el Usuario, en concreto los datos personales aportados por el Usuario para registrarse e iniciar sesi\u00f3n como usuario en la web (mediante la aportaci\u00f3n de datos personales por parte del Usuario)<\/p>\n<p>Base jur\u00eddica del tratamiento<\/p>\n<p>La legitimaci\u00f3n para el tratamiento de datos se basa en el consentimiento de su obtenci\u00f3n otorgado por parte del Usuario, derivado de su aportaci\u00f3n voluntaria de los datos y de su voluntad de iniciar sesi\u00f3n o registrarse como usuario o receptor de comunicaciones, as\u00ed como de su consentimiento al uso de cookies. Dichos datos se tratar\u00e1n mientras la relaci\u00f3n siga vigente y, en su caso, el Usuario no revoque el consentimiento que ha prestado al tratamiento de sus datos.<\/p>\n<p>Por su parte, el uso de cookies t\u00e9cnicas y del tratamiento de la direcci\u00f3n IP basa su legitimaci\u00f3n en su car\u00e1cter necesario y leg\u00edtimo. En el caso de dichas cookies se basa en su necesidad para hacer funcionar el Sitio Web, y en el caso de la direcci\u00f3n IP se basa en su necesidad para permitir la conexi\u00f3n con el Sitio Web a trav\u00e9s de Internet, por lo que el uso de sus datos es necesario para el mantenimiento de las relaciones entre el responsable del Sitio Web y el Usuario.<\/p>\n<p>La comunicaci\u00f3n de datos no supone ning\u00fan requisito legal o contractual, o un requisito necesario para suscribir un contrato. De la misma forma, el interesado no est\u00e1 obligado a facilitar datos personales. Estos son simplemente cedidos por parte del Usuario cuando as\u00ed lo autorice de forma expresa en los casos mencionados anteriormente o por el tratamiento leg\u00edtimo y necesario que deriva de la navegaci\u00f3n del Usuario por el Sitio Web en los casos en que su obtenci\u00f3n sea necesaria y leg\u00edtima y no requiera consentimiento expreso o aportaci\u00f3n de los datos por su parte.<\/p>\n<p><strong>Destinatarios y transferencia a terceros<\/strong><\/p>\n<p>Por lo general el destinatario de los datos personales ser\u00e1 MFAR, y s\u00f3lo comunicar\u00e1 dichos datos a proveedores u organizaciones contratadas para gestionar el Sitio Web u otras prestaciones de servicios, as\u00ed como cuando sea estrictamente necesario para gestionar y mantener la relaci\u00f3n con el Usuario, cuando deba comunicarse de forma obligatoria a las autoridades o por imperativo legal o previa autorizaci\u00f3n por parte del Usuario.<\/p>\n<p><strong>Medidas de seguridad<\/strong><\/p>\n<p>MFAR tratar\u00e1 los datos del Usuario de forma confidencial a trav\u00e9s de servidores privados, de conformidad con lo previsto en la normativa de aplicaci\u00f3n, adoptando las medidas tecnol\u00f3gicas necesarias que garanticen la seguridad de sus datos y eviten da\u00f1os al Usuario.<\/p>\n<p><strong>Derechos<\/strong><\/p>\n<p>Los usuarios tienen derecho a ejercitar en todo momento, de conformidad con la normativa aplicable, sus derechos de acceso, rectificaci\u00f3n o supresi\u00f3n de datos, solicitar que se limite el tratamiento, oponerse al mismo, solicitar la portabilidad de sus datos, y revocar el consentimiento, expresando tal petici\u00f3n a la direcci\u00f3n electr\u00f3nica cetlam@mfar.net. Tambi\u00e9n podr\u00e1 presentar una reclamaci\u00f3n ante la Agencia Espa\u00f1ola de Protecci\u00f3n de Datos (www.aepd.es).<\/p>\n<p>Para ello podr\u00e1 acceder a su informaci\u00f3n personal en cualquier momento para revisarla, corregirla o borrarla a trav\u00e9s de la web.<\/p>\n<p>El Usuario por su parte se compromete a garantizar haber entendido el contenido relativo a esta Pol\u00edtica de Privacidad previamente a la cesi\u00f3n de los datos que aporte, as\u00ed como a informar a MFAR de cualquier cambio sustancial en sus datos personales que sea relevante para la relaci\u00f3n entre MFAR y el Usuario. De igual forma, cualquier cambio en esta Pol\u00edtica ser\u00e1 inmediatamente publicado en esta p\u00e1gina, y ser\u00e1 necesario la renovaci\u00f3n del consentimiento del Usuario cuando sea necesario.<\/p>\n<p><strong>Plazo<\/strong><\/p>\n<p>Los datos personales se conservar\u00e1n mientras la relaci\u00f3n entre MFAR y el Usuario siga vigente y durante el tiempo necesario para cumplir con la finalidad para la que se recaban, as\u00ed como para determinar las posibles responsabilidades que se pudieran derivar de dicha finalidad y del tratamiento de los mismos.<\/p>\n<p><strong>Contacto<\/strong><\/p>\n<p>El Responsable del tratamiento de datos personales facilitados por el Usuario es MFAR. Puede contactar directamente con MFAR a trav\u00e9s de la siguiente direcci\u00f3n de correo electr\u00f3nico: cetlam@mfar.net. Si tiene cualquier consulta sobre nuestra Pol\u00edtica de Privacidad o el funcionamiento de la web puede ponerse en contacto con nosotros a trav\u00e9s de los modos de comunicaci\u00f3n expresados en el apartado \u201cResponsable del tratamiento de datos\u201d.<\/p>\n<\/div><\/section><\/p><\/div><div class='flex_column av-36u6ev-14989707fc07745b554a7374d40dcb61 av_one_full  avia-builder-el-3  el_after_av_one_full  avia-builder-el-last  first flex_column_div column-top-margin'   ><\/div><\/p>\n","protected":false},"excerpt":{"rendered":"","protected":false},"author":1,"featured_media":0,"parent":0,"menu_order":0,"comment_status":"closed","ping_status":"closed","template":"","meta":{"footnotes":""},"class_list":["post-4215","page","type-page","status-publish","hentry"],"_links":{"self":[{"href":"https:\/\/web.mfar.es\/web\/wp-json\/wp\/v2\/pages\/4215","targetHints":{"allow":["GET"]}}],"collection":[{"href":"https:\/\/web.mfar.es\/web\/wp-json\/wp\/v2\/pages"}],"about":[{"href":"https:\/\/web.mfar.es\/web\/wp-json\/wp\/v2\/types\/page"}],"author":[{"embeddable":true,"href":"https:\/\/web.mfar.es\/web\/wp-json\/wp\/v2\/users\/1"}],"replies":[{"embeddable":true,"href":"https:\/\/web.mfar.es\/web\/wp-json\/wp\/v2\/comments?post=4215"}],"version-history":[{"count":11,"href":"https:\/\/web.mfar.es\/web\/wp-json\/wp\/v2\/pages\/4215\/revisions"}],"predecessor-version":[{"id":4869,"href":"https:\/\/web.mfar.es\/web\/wp-json\/wp\/v2\/pages\/4215\/revisions\/4869"}],"wp:attachment":[{"href":"https:\/\/web.mfar.es\/web\/wp-json\/wp\/v2\/media?parent=4215"}],"curies":[{"name":"wp","href":"https:\/\/api.w.org\/{rel}","templated":true}]}}