{"id":4255,"date":"2020-01-17T11:12:05","date_gmt":"2020-01-17T11:12:05","guid":{"rendered":"https:\/\/web.mfar.es\/web\/?page_id=4255"},"modified":"2024-08-27T09:34:09","modified_gmt":"2024-08-27T09:34:09","slug":"aviso-legal-en","status":"publish","type":"page","link":"https:\/\/web.mfar.es\/web\/en\/aviso-legal-en\/","title":{"rendered":"Legal Notice<!--en-->"},"content":{"rendered":"\n<style type=\"text\/css\" data-created_by=\"avia_inline_auto\" id=\"style-css-av-3zhk2n-0d5cc62c3706c6d89916bd2dbe8cdb05\">\n.flex_column.av-3zhk2n-0d5cc62c3706c6d89916bd2dbe8cdb05{\nborder-radius:0px 0px 0px 0px;\n-webkit-border-radius:0px 0px 0px 0px;\n-moz-border-radius:0px 0px 0px 0px;\n}\n<\/style>\n<div class='flex_column av-3zhk2n-0d5cc62c3706c6d89916bd2dbe8cdb05 av_one_full  avia-builder-el-0  avia-builder-el-no-sibling  first flex_column_div av-zero-column-padding '   ><p>\n<style type=\"text\/css\" data-created_by=\"avia_inline_auto\" id=\"style-css-av-2uz0cv-f9164c04f4cd24453d540ad6921af07f\">\n#top .av-special-heading.av-2uz0cv-f9164c04f4cd24453d540ad6921af07f{\npadding-bottom:10px;\n}\nbody .av-special-heading.av-2uz0cv-f9164c04f4cd24453d540ad6921af07f .av-special-heading-tag .heading-char{\nfont-size:25px;\n}\n.av-special-heading.av-2uz0cv-f9164c04f4cd24453d540ad6921af07f .av-subheading{\nfont-size:15px;\n}\n<\/style>\n<div  class='av-special-heading av-2uz0cv-f9164c04f4cd24453d540ad6921af07f av-special-heading-h3  avia-builder-el-1  el_before_av_textblock  avia-builder-el-first '><h3 class='av-special-heading-tag'  itemprop=\"headline\"  >Legal Notice and Conditions of Use<\/h3><div class=\"special-heading-border\"><div class=\"special-heading-inner-border\"><\/div><\/div><\/div><br \/>\n<section  class='av_textblock_section av-m0c8c6ga-78d40e0fb8aa255d3e51b89689155137'  itemscope=\"itemscope\" itemtype=\"https:\/\/schema.org\/CreativeWork\" ><div class='avia_textblock'  itemprop=\"text\" ><ol>\n<li style=\"list-style-type: none;\">\n<ol>\n<li aria-level=\"1\"><strong>Introduction<\/strong><\/li>\n<\/ol>\n<\/li>\n<\/ol>\n<p>This Legal Notice (hereinafter, the \u201cLegal Notice\u201d or the \u201cNotice\u201d) contains terms and conditions of use that bind any person who uses and\/or browses (hereinafter, the \u201cUser\u201d) the website web.mfar.es (hereinafter, the \u201cWebsite\u201d the \u201cWebsite\u201d).<\/p>\n<p>MFAR (hereinafter, the \u201cProvider\u201d or \u201cMFAR\u201d) is the owner of all rights to the Website, and based on this, establishes the present conditions of use to the users of this Website, and provides them with the necessary information regarding the legal bases of the operation of the website. Based on this, we request that the User has read and understood the content of this Notice. Browsing and interaction with the elements of this Website, which is entirely voluntary, implies acceptance of the conditions of use and understanding of this Notice in general in accordance with good customs and the requirements of good faith. If you do not understand part or all of the content of this Notice, you may make inquiries to MFAR by writing to the following email address: legal@mfar.org. If you do not agree with all or part of the content of the Notice, you must refrain from using the Website.<\/p>\n<ol>\n<li style=\"list-style-type: none;\">\n<ol>\n<li aria-level=\"1\"><strong>Purpose<\/strong><\/li>\n<\/ol>\n<\/li>\n<\/ol>\n<p>The Website is designed and structured solely for informational and educational purposes, both in its common and public area to which any user has access and, where applicable, in its private area which can be accessed after creating a member profile and logging in, which includes exclusive content for members. In this regard and with the aim of guaranteeing such services and operation by the Website, this Notice is published, which seeks to inform the User of the legal terms on which the Website is structured and the requirements and conditions that Users must meet in order to enjoy it. MFAR reserves the right to modify this Notice, as well as the rest of the content and documents of the same nature relating to the operation of the Website.<\/p>\n<p>The Website may include links to other pages (hyperlinks) of third parties. These pages are not managed by the Provider, so the Provider has no control over the content of said web pages. These links come from other sources of information, and their inclusion does not imply any recommendation, invitation or suggestion to visit said destination pages, and therefore, the Provider declines all responsibility that may arise when accessing third-party pages. Likewise, the Notice will not apply to said third-party websites whose link may appear on the Website.<\/p>\n<ol>\n<li style=\"list-style-type: none;\">\n<ol>\n<li aria-level=\"1\"><strong>User Conditions of Use<\/strong><\/li>\n<\/ol>\n<\/li>\n<\/ol>\n<p>The User undertakes to comply with the provisions of the Notice and current legislation, in accordance with good customs and the requirements of good faith. The Provider reserves the right to withdraw access to this Website, without prior notice, to any User who contravenes the provisions of the conditions of use included in this Notice.<\/p>\n<p><u>3.1 Truthfulness<\/u><\/p>\n<p>In particular, the User undertakes to provide truthful data in cases where he or she agrees and agrees to do so. The Provider reserves the right to deny access to the Website to any User who provides false, inaccurate or insufficient data, as well as to delete accounts created by the User if they have been created using data of the same nature. The User is responsible for the data he or she provides, and consequently for any damages and losses that may be caused by his or her contribution.<\/p>\n<p><u>3.2 Correct use<\/u><\/p>\n<p>The User undertakes to use the Website in accordance with the Law and this Legal Notice, as well as with morality and good customs, so that he\/she will refrain from carrying out illicit or illegal acts through its use that may harm the interests or rights of third parties or MFAR. In particular, the User undertakes not to disseminate information that may be contrary to current legislation or that incites or promotes harmful attitudes towards it, especially denigrating, discriminatory, criminal attitudes or attitudes contrary to the honour or privacy of people, as well as the proper functioning of the market and competition.<\/p>\n<p>In addition, the User undertakes not to carry out any actions that may cause any type of damage to the Provider&#8217;s systems or to third parties on the Website, or through it and\/or by any means, as well as not to damage the Website system by introducing programs, data, viruses or any device that may damage its proper functioning, and not to infringe the intellectual property rights or other property rights that the Provider has over the Website.<\/p>\n<ol>\n<li style=\"list-style-type: none;\">\n<ol>\n<li aria-level=\"1\"><strong>Responsibilities<\/strong><\/li>\n<\/ol>\n<\/li>\n<\/ol>\n<p>The Provider undertakes to make its best efforts to ensure the correct operation of the Website and to implement effective measures to reinforce the security of the Users and to avoid as much as possible the damages derived from its use. The Provider will try to guarantee the maximum protection of the User against the damages and losses that may be suffered derived from computer or electronic injuries or alterations, such as viruses or malware, but even so, their absence is not guaranteed, so the Provider is not responsible for the damages that the User may suffer as a result of browsing the Website that have been caused by reasons beyond the control of and not attributable to the Provider. Likewise, it is not responsible for the malfunction and damages that may be caused by third-party websites to which this Website may redirect or refer if they are not the responsibility of the Provider. In any case, the Provider declares that it will proceed to immediately remove any content from the Website that is harmful and\/or contrary to current legislation, morality or good customs. The Provider undertakes to remove any content that may affect or contravene applicable legislation.<\/p>\n<p>The Provider is also not responsible for the use that the User makes of the Website if this is done in violation of or in breach of the provisions of this Notice or the applicable regulations.<\/p>\n<p>This Website has been designed and periodically reviewed by professionals, so its proper functioning can practically be guaranteed, but its unpredictability makes it impossible to fully guarantee it. For this reason, the Provider does not rule out the possibility of failures or errors in the system that do not allow its proper use, and therefore shall not be liable in the event that access to the Website is hindered due to errors or defective performance of the electricity, telephone or other telecommunications providers outside the Provider, or in the event of social conflicts or other cases of force majeure, or any action by a third party, including administrative or judicial requirements or orders, sabotage or saturation, whether intentional or not. The Provider also declines all liability arising from any damages that the User may suffer on his or her computer devices as a result of the events set out above.<\/p>\n<ol>\n<li style=\"list-style-type: none;\">\n<ol>\n<li aria-level=\"1\"><strong>Propiedad Intelectual e Industrial<\/strong><\/li>\n<\/ol>\n<\/li>\n<\/ol>\n<p>Todos los derechos de Propiedad Intelectual e Industrial de la informaci\u00f3n contenida en el Sitio Web son propiedad del Prestador o salvo en lo mencionado en el apartado \u201cObjeto\u201d\u00a0 referente a hiperv\u00ednculos u otras referencias a terceros. El Prestador es titular de todos los elementos susceptibles de utilizaci\u00f3n industrial y\/o comercial que integran el Sitio Web, entre otros el dise\u00f1o gr\u00e1fico de la p\u00e1gina, los men\u00fas, botones de navegaci\u00f3n, el c\u00f3digo HTML, los textos, marcas, logotipos, im\u00e1genes, texturas, gr\u00e1ficos y cualquier otro elemento y\/o contenido o, en su caso, dispone de la correspondiente autorizaci\u00f3n para la utilizaci\u00f3n de dichos elementos y\/o componentes. La reproducci\u00f3n total o parcial, uso, explotaci\u00f3n, distribuci\u00f3n y comercializaci\u00f3n, requiere en todo caso de la autorizaci\u00f3n escrita previa por parte del Prestador. Cualquier uso no autorizado previamente por parte del Prestador ser\u00e1 considerado un incumplimiento grave de los derechos de propiedad intelectual o industrial del autor. Mediante estas Condiciones de Uso no se cede ning\u00fan derecho de propiedad intelectual o industrial sobre los elementos del Sitio Web.<\/p>\n<p>En ning\u00fan caso se entender\u00e1 que se concede licencia alguna o se efect\u00faa renuncia, transmisi\u00f3n, cesi\u00f3n total o parcial de derechos de propiedad industrial y\/o intelectual ni se confiere ning\u00fan tipo de derecho al Usuario, y en especial, de alteraci\u00f3n, explotaci\u00f3n, reproducci\u00f3n, distribuci\u00f3n o comunicaci\u00f3n p\u00fablica sobre dichos contenidos sin la previa autorizaci\u00f3n expresa por escrito del Prestador o de los titulares correspondientes. En consecuencia, el Usuario no podr\u00e1 reproducir, transformar, modificar, desensamblar, realizar ingenier\u00eda inversa, distribuir, alquilar, prestar, poner a disposici\u00f3n o permitir el acceso al p\u00fablico a trav\u00e9s de cualquier modalidad de comunicaci\u00f3n p\u00fablica de ninguno de los elementos contenidos en el Sitio Web susceptibles de utilizaci\u00f3n industrial y\/o comercial, salvo en los casos que est\u00e9 legalmente permitido o sea autorizado de forma expresa y por escrito por el Prestador.<\/p>\n<p>Los dise\u00f1os, logotipos, texto y\/o gr\u00e1ficos ajenos al prestador y que pudieran aparecer en el sitio web, pertenecen a sus respectivos propietarios, siendo ellos mismos responsables de cualquier posible controversia que pudiera suscitarse respecto a los mismos. En todo caso, el prestador cuenta con la autorizaci\u00f3n expresa y previa por parte de los mismos.<\/p>\n<p>El Prestador autoriza el establecimiento de enlaces entre otras webs y el Sitio Web de su propiedad, siempre que se respeten las siguientes condiciones:<\/p>\n<ol>\n<li style=\"list-style-type: none;\">\n<ol>\n<li style=\"list-style-type: none;\">\n<ul>\n<li aria-level=\"1\">Que se comunique previamente al Prestador el establecimiento del enlace entre la tercera p\u00e1gina web y el Sitio Web, y a su vez, el Prestador autorice por escrito a la tercera p\u00e1gina web dicho establecimiento.<\/li>\n<li aria-level=\"1\">Que el enlace no se establezca desde una web cuyos contenidos resulten contrarios a la Ley, a la moral y al orden p\u00fablico;<\/li>\n<li aria-level=\"1\">Que no se ofrezca una imagen del Prestador o de sus productos, servicios y\/o actividades que resulte distorsionada, perjudicial, o equivocada;<\/li>\n<li aria-level=\"1\">Que no se cree la impresi\u00f3n de que concurre una inexistente relaci\u00f3n o vinculaci\u00f3n comercial entre el Prestador y los titulares, responsables o anunciantes de la web o entidad desde que se crea el enlace, cuando \u00e9ste no sea el caso;<\/li>\n<li aria-level=\"1\">Que no se cree la impresi\u00f3n de que el Sitio Web del Prestador y\/o sus elementos y\/o sus contenidos pertenecen o han sido dise\u00f1ados por los titulares, responsables o anunciantes en la p\u00e1gina web desde la que se establece el enlace.<\/li>\n<\/ul>\n<\/li>\n<li aria-level=\"1\"><strong>Data protection<\/strong><\/li>\n<\/ol>\n<\/li>\n<\/ol>\n<p>The Provider will use the User&#8217;s data necessary for the operation of the website and the services that the User has requested, always limited to what is established by current regulations and the purposes on which the User transmitted them. For more information, you can read our Privacy Policy.<\/p>\n<p>This website uses cookies. For more information, you can read our Cookies Policy.<\/p>\n<ol>\n<li style=\"list-style-type: none;\">\n<ol>\n<li aria-level=\"1\"><strong>Information and contact conditions<\/strong><\/li>\n<\/ol>\n<\/li>\n<\/ol>\n<p>In compliance with the provisions of Law 34\/2002, of July 11, on Information Society Services and Electronic Commerce, the Provider makes available through the Website, permanently, easily, directly and free of charge, the following identifying data of the company:<\/p>\n<ol>\n<li style=\"list-style-type: none;\">\n<ol>\n<li style=\"list-style-type: none;\">\n<ul>\n<li aria-level=\"1\">Company name: Marketing Farmac\u00e9utico &amp; Investigaci\u00f3n Cl\u00ednica, S.L. (the \u201cProvider\u201d or \u201cMFAR\u201d)<\/li>\n<li aria-level=\"1\">NIF: B64093602<\/li>\n<li aria-level=\"1\">Registered Office: Balmes 243, Escalera A 5\u00ba1\u00aa &#8211; &#8211; 08006 Barcelona<\/li>\n<li aria-level=\"1\">Email address: legal@mfar.es<\/li>\n<li aria-level=\"1\">Registration details: Mercantile Registry of Barcelona, \u200b\u200bvolume 38275, folio 146, page B 319967, entry 1.<\/li>\n<\/ul>\n<\/li>\n<\/ol>\n<\/li>\n<\/ol>\n<p>For any communication between the Provider and the User, you can contact the email address stated above.<\/p>\n<ol>\n<li style=\"list-style-type: none;\">\n<ol>\n<li aria-level=\"1\"><strong>Legislation<\/strong><\/li>\n<\/ol>\n<\/li>\n<\/ol>\n<p>Access to the Website implies the User&#8217;s acceptance of the provisions of the Notice. Any dispute relating to this matter shall be governed by Spanish common law and shall be subject to the Courts and Tribunals of the city of Barcelona (Spain).<\/p>\n<\/div><\/section><\/p><\/div>\n","protected":false},"excerpt":{"rendered":"","protected":false},"author":1,"featured_media":0,"parent":0,"menu_order":0,"comment_status":"closed","ping_status":"closed","template":"","meta":{"footnotes":""},"class_list":["post-4255","page","type-page","status-publish","hentry"],"_links":{"self":[{"href":"https:\/\/web.mfar.es\/web\/wp-json\/wp\/v2\/pages\/4255","targetHints":{"allow":["GET"]}}],"collection":[{"href":"https:\/\/web.mfar.es\/web\/wp-json\/wp\/v2\/pages"}],"about":[{"href":"https:\/\/web.mfar.es\/web\/wp-json\/wp\/v2\/types\/page"}],"author":[{"embeddable":true,"href":"https:\/\/web.mfar.es\/web\/wp-json\/wp\/v2\/users\/1"}],"replies":[{"embeddable":true,"href":"https:\/\/web.mfar.es\/web\/wp-json\/wp\/v2\/comments?post=4255"}],"version-history":[{"count":6,"href":"https:\/\/web.mfar.es\/web\/wp-json\/wp\/v2\/pages\/4255\/revisions"}],"predecessor-version":[{"id":4257,"href":"https:\/\/web.mfar.es\/web\/wp-json\/wp\/v2\/pages\/4255\/revisions\/4257"}],"wp:attachment":[{"href":"https:\/\/web.mfar.es\/web\/wp-json\/wp\/v2\/media?parent=4255"}],"curies":[{"name":"wp","href":"https:\/\/api.w.org\/{rel}","templated":true}]}}