{"id":4619,"date":"2021-05-06T10:54:40","date_gmt":"2021-05-06T10:54:40","guid":{"rendered":"https:\/\/web.mfar.es\/web\/?page_id=4619"},"modified":"2021-05-06T13:54:23","modified_gmt":"2021-05-06T13:54:23","slug":"estadistica-publicacion-resultados","status":"publish","type":"page","link":"https:\/\/web.mfar.es\/web\/es\/servicios\/estadistica-publicacion-resultados\/","title":{"rendered":"Estad\u00edstica y publicaci\u00f3n de resultados"},"content":{"rendered":"<section  class='av_textblock_section av-av_textblock-0366cc7376be6c9e82a3e9cc8987b64f'  itemscope=\"itemscope\" itemtype=\"https:\/\/schema.org\/CreativeWork\" ><div class='avia_textblock'  itemprop=\"text\" ><h3 style=\"color: #0070ba;\">Estad\u00edstica y publicaci\u00f3n de resultados<\/h3>\n<\/div><\/section>\n\n<style type=\"text\/css\" data-created_by=\"avia_inline_auto\" id=\"style-css-av-av_three_fourth-6126cab7d8fab8d08143dd2dacdf673c\">\n.flex_column.av-av_three_fourth-6126cab7d8fab8d08143dd2dacdf673c{\nborder-radius:0px 0px 0px 0px;\n-webkit-border-radius:0px 0px 0px 0px;\n-moz-border-radius:0px 0px 0px 0px;\n}\n<\/style>\n<div class='flex_column av-av_three_fourth-6126cab7d8fab8d08143dd2dacdf673c av_three_fourth  avia-builder-el-1  el_after_av_textblock  el_before_av_one_fourth  first flex_column_div av-zero-column-padding column-top-margin'   ><section  class='av_textblock_section av-av_textblock-0366cc7376be6c9e82a3e9cc8987b64f'  itemscope=\"itemscope\" itemtype=\"https:\/\/schema.org\/CreativeWork\" ><div class='avia_textblock'  itemprop=\"text\" ><p>Aportamos valor en la explotaci\u00f3n final de los datos para convertirlos en informaci\u00f3n cient\u00edfica v\u00e1lida.<\/p>\n<p>Tras las fases de dise\u00f1o y de gesti\u00f3n de datos, el an\u00e1lisis estad\u00edstico y la publicaci\u00f3n de resultados son tareas fundamentales para alcanzar los objetivos cient\u00edficos previstos.<\/p>\n<ul>\n<li><b> Estad\u00edstica: <\/b> Planes, An\u00e1lisis e Informes estad\u00edsticos<\/li>\n<li><b> Medical Writing: <\/b> Protocolos, Informes finales, Comunicaciones, Publicaciones, Bibliograf\u00eda, &#8230;<\/li>\n<\/ul>\n<\/div><\/section><\/div>\n<style type=\"text\/css\" data-created_by=\"avia_inline_auto\" id=\"style-css-av-av_one_fourth-0aa7055fe62c3622faec82866afbaeb2\">\n.flex_column.av-av_one_fourth-0aa7055fe62c3622faec82866afbaeb2{\nborder-radius:0px 0px 0px 0px;\n-webkit-border-radius:0px 0px 0px 0px;\n-moz-border-radius:0px 0px 0px 0px;\n}\n<\/style>\n<div class='flex_column av-av_one_fourth-0aa7055fe62c3622faec82866afbaeb2 av_one_fourth  avia-builder-el-3  el_after_av_three_fourth  avia-builder-el-last  flex_column_div av-zero-column-padding column-top-margin'   ><style type=\"text\/css\" data-created_by=\"avia_inline_auto\" id=\"style-css-av-av_image-017d80187aafc9cacf996003e8ddb283\">\n.avia-image-container.av-av_image-017d80187aafc9cacf996003e8ddb283 .av-image-caption-overlay-center{\ncolor:#ffffff;\n}\n<\/style>\n<div  class='avia-image-container av-av_image-017d80187aafc9cacf996003e8ddb283 av-styling- avia-align-center  avia-builder-el-4  avia-builder-el-no-sibling '  itemprop=\"image\" itemscope=\"itemscope\" itemtype=\"https:\/\/schema.org\/ImageObject\" ><div class=\"avia-image-container-inner\"><div class=\"avia-image-overlay-wrap\"><img decoding=\"async\" class='wp-image-4624 avia-img-lazy-loading-not-4624 avia_image' src=\"https:\/\/web.mfar.es\/web\/wp-content\/uploads\/2021\/05\/MFAR_logo-estad\u00edstica-1-208x300.png\" alt='' title='MFAR_logo estad\u00edstica'  height=\"300\" width=\"208\"  itemprop=\"thumbnailUrl\"  \/><\/div><\/div><\/div><\/div><\/p>\n","protected":false},"excerpt":{"rendered":"","protected":false},"author":1,"featured_media":0,"parent":11,"menu_order":5,"comment_status":"closed","ping_status":"closed","template":"","meta":{"footnotes":""},"class_list":["post-4619","page","type-page","status-publish","hentry"],"_links":{"self":[{"href":"https:\/\/web.mfar.es\/web\/wp-json\/wp\/v2\/pages\/4619","targetHints":{"allow":["GET"]}}],"collection":[{"href":"https:\/\/web.mfar.es\/web\/wp-json\/wp\/v2\/pages"}],"about":[{"href":"https:\/\/web.mfar.es\/web\/wp-json\/wp\/v2\/types\/page"}],"author":[{"embeddable":true,"href":"https:\/\/web.mfar.es\/web\/wp-json\/wp\/v2\/users\/1"}],"replies":[{"embeddable":true,"href":"https:\/\/web.mfar.es\/web\/wp-json\/wp\/v2\/comments?post=4619"}],"version-history":[{"count":7,"href":"https:\/\/web.mfar.es\/web\/wp-json\/wp\/v2\/pages\/4619\/revisions"}],"predecessor-version":[{"id":4973,"href":"https:\/\/web.mfar.es\/web\/wp-json\/wp\/v2\/pages\/4619\/revisions\/4973"}],"up":[{"embeddable":true,"href":"https:\/\/web.mfar.es\/web\/wp-json\/wp\/v2\/pages\/11"}],"wp:attachment":[{"href":"https:\/\/web.mfar.es\/web\/wp-json\/wp\/v2\/media?parent=4619"}],"curies":[{"name":"wp","href":"https:\/\/api.w.org\/{rel}","templated":true}]}}